{"id":43,"date":"2020-05-08T01:56:30","date_gmt":"2020-05-08T01:56:30","guid":{"rendered":"https:\/\/www.irooildrilling.com\/span\/?page_id=43"},"modified":"2024-03-15T09:29:24","modified_gmt":"2024-03-15T09:29:24","slug":"faqs","status":"publish","type":"page","link":"https:\/\/www.irooildrilling.com\/span\/faqs\/","title":{"rendered":"Preguntas Frecuentes"},"content":{"rendered":"<h1><strong>Preguntas Frecuentes<\/strong><\/h1>\n<p>Estas son algunas de las preguntas frecuentes de nuestros clientes. Si tiene otras preguntas sobre nuestros productos qu\u00edmicos de perforaci\u00f3n petrolera, no dude en contactarnos. IRO Petroleum Drilling Chemical Co., Ltd. se complace en responderle.<\/p>\n<h3>Q1: \u00bfD\u00f3nde tiene su sede IRO Oil Drilling Chemical Co., Ltd?<\/h3>\n<p>A: La sede corporativa de la empresa se encuentra en Zaozhuang, Shandong, donde reside su Oficina Ejecutiva Principal. IRO Oil Drilling Chemical Co., Ltd tiene una oficina ejecutiva ubicada en Qingdao, Shandong. Puede acceder a nuestras direcciones f\u00edsicas o contactar con nuestras oficinas.<\/p>\n<h3>Q2. \u00bfCu\u00e1l es la actividad principal de IRO Oil Drilling Chemical Co., Ltd?<\/h3>\n<p>A: IRO Oil Drilling Chemical Co., Ltd (\u00abIRO oildrilling\u00bb o la \u00abCompa\u00f1\u00eda\u00bb) produce productos qu\u00edmicos para campos petrol\u00edferos que se utilizan en una variedad de aplicaciones. Incluyendo agentes reductores de arrastre, agentes de control de lutitas, viscosificantes, dispersantes, biocidas y agentes de ponderaci\u00f3n.<\/p>\n<h3>Q3: \u00bfC\u00f3mo es su capacidad de I + D?<\/h3>\n<p>A: Contamos con equipos de prueba de est\u00e1ndares internacionales, un equipo t\u00e9cnico profesional en nuestro Departamento T\u00e9cnico, apoyo de profesores universitarios y a\u00f1os de experiencia exportadora.<\/p>\n<h3>Q4: \u00bfTiene alg\u00fan servicio postventa?<\/h3>\n<p>A: Contamos con servicio profesional de preventa, servicio de venta y servicio postventa para brindar disponibilidad 24\/7 a nuestros clientes.<\/p>\n<h3>Q5: \u00bfC\u00f3mo es su capacidad de control de calidad?<\/h3>\n<p>A: Contamos con certificados ISO, calidad bien formada y procesos de control ambiental. Desde la compra de los materiales hasta la entrega del producto. Cada paso est\u00e1 estrictamente controlado por el departamento de control relativo. Con todos estos sistemas, nos aseguramos de que el 100% de nuestros productos est\u00e9n calificados antes de los env\u00edos.<\/p>\n<h3>Q6: \u00bfC\u00f3mo podemos aprender m\u00e1s sobre sus productos populares?<\/h3>\n<p>A: Consulte los detalles del producto en el men\u00fa principal de la p\u00e1gina de inicio. Y tambi\u00e9n puede ver en la parte izquierda de las subp\u00e1ginas. Para obtener m\u00e1s informaci\u00f3n, tambi\u00e9n podemos proporcionar TDS y MSDS. Y contamos con ingenieros t\u00e9cnicos especiales para guiarlo en las pruebas y el uso.<\/p>\n<h3>Q7: \u00bfPodr\u00eda proporcionar una muestra para las pruebas?<\/h3>\n<p>A: Nos gustar\u00eda ofrecerle una muestra gratuita para la prueba.<\/p>\n<p>&nbsp;<\/p>\n","protected":false},"excerpt":{"rendered":"<p>Preguntas Frecuentes Estas son algunas de las preguntas frecuentes de nuestros clientes. Si tiene otras preguntas sobre nuestros productos qu\u00edmicos de perforaci\u00f3n petrolera, no dude en contactarnos. IRO Petroleum Drilling Chemical Co., Ltd. se complace en responderle. Q1: \u00bfD\u00f3nde tiene su sede IRO Oil Drilling Chemical Co., Ltd? A: La sede corporativa de la empresa [&hellip;]<\/p>\n","protected":false},"author":1,"featured_media":0,"parent":0,"menu_order":0,"comment_status":"closed","ping_status":"closed","template":"","meta":{"footnotes":""},"class_list":["post-43","page","type-page","status-publish","hentry"],"yoast_head":"<!-- This site is optimized with the Yoast SEO plugin v27.2 - https:\/\/yoast.com\/product\/yoast-seo-wordpress\/ -->\n<title>Preguntas Frecuentes - IRO perforaciones petrol\u00edferas qu\u00edmicas Co., Ltd.<\/title>\n<meta name=\"robots\" content=\"index, follow, max-snippet:-1, max-image-preview:large, max-video-preview:-1\" \/>\n<link rel=\"canonical\" href=\"https:\/\/www.irooildrilling.com\/span\/faqs\/\" \/>\n<meta property=\"og:locale\" content=\"es_ES\" \/>\n<meta property=\"og:type\" content=\"article\" \/>\n<meta property=\"og:title\" content=\"Preguntas Frecuentes - IRO perforaciones petrol\u00edferas qu\u00edmicas Co., Ltd.\" \/>\n<meta property=\"og:description\" content=\"Preguntas Frecuentes Estas son algunas de las preguntas frecuentes de nuestros clientes. Si tiene otras preguntas sobre nuestros productos qu\u00edmicos de perforaci\u00f3n petrolera, no dude en contactarnos. IRO Petroleum Drilling Chemical Co., Ltd. se complace en responderle. Q1: \u00bfD\u00f3nde tiene su sede IRO Oil Drilling Chemical Co., Ltd? A: La sede corporativa de la empresa [&hellip;]\" \/>\n<meta property=\"og:url\" content=\"https:\/\/www.irooildrilling.com\/span\/faqs\/\" \/>\n<meta property=\"og:site_name\" content=\"IRO perforaciones petrol\u00edferas qu\u00edmicas Co., Ltd.\" \/>\n<meta property=\"article:modified_time\" content=\"2024-03-15T09:29:24+00:00\" \/>\n<meta name=\"twitter:card\" content=\"summary_large_image\" \/>\n<meta name=\"twitter:label1\" content=\"Tiempo de lectura\" \/>\n\t<meta name=\"twitter:data1\" content=\"2 minutos\" \/>\n<!-- \/ Yoast SEO plugin. -->","yoast_head_json":{"title":"Preguntas Frecuentes - IRO perforaciones petrol\u00edferas qu\u00edmicas Co., Ltd.","robots":{"index":"index","follow":"follow","max-snippet":"max-snippet:-1","max-image-preview":"max-image-preview:large","max-video-preview":"max-video-preview:-1"},"canonical":"https:\/\/www.irooildrilling.com\/span\/faqs\/","og_locale":"es_ES","og_type":"article","og_title":"Preguntas Frecuentes - IRO perforaciones petrol\u00edferas qu\u00edmicas Co., Ltd.","og_description":"Preguntas Frecuentes Estas son algunas de las preguntas frecuentes de nuestros clientes. Si tiene otras preguntas sobre nuestros productos qu\u00edmicos de perforaci\u00f3n petrolera, no dude en contactarnos. IRO Petroleum Drilling Chemical Co., Ltd. se complace en responderle. Q1: \u00bfD\u00f3nde tiene su sede IRO Oil Drilling Chemical Co., Ltd? A: La sede corporativa de la empresa [&hellip;]","og_url":"https:\/\/www.irooildrilling.com\/span\/faqs\/","og_site_name":"IRO perforaciones petrol\u00edferas qu\u00edmicas Co., Ltd.","article_modified_time":"2024-03-15T09:29:24+00:00","twitter_card":"summary_large_image","twitter_misc":{"Tiempo de lectura":"2 minutos"},"schema":{"@context":"https:\/\/schema.org","@graph":[{"@type":"WebPage","@id":"https:\/\/www.irooildrilling.com\/span\/faqs\/","url":"https:\/\/www.irooildrilling.com\/span\/faqs\/","name":"Preguntas Frecuentes - IRO perforaciones petrol\u00edferas qu\u00edmicas Co., Ltd.","isPartOf":{"@id":"https:\/\/www.irooildrilling.com\/span\/#website"},"datePublished":"2020-05-08T01:56:30+00:00","dateModified":"2024-03-15T09:29:24+00:00","breadcrumb":{"@id":"https:\/\/www.irooildrilling.com\/span\/faqs\/#breadcrumb"},"inLanguage":"es","potentialAction":[{"@type":"ReadAction","target":["https:\/\/www.irooildrilling.com\/span\/faqs\/"]}]},{"@type":"BreadcrumbList","@id":"https:\/\/www.irooildrilling.com\/span\/faqs\/#breadcrumb","itemListElement":[{"@type":"ListItem","position":1,"name":"Portada","item":"https:\/\/www.irooildrilling.com\/span\/"},{"@type":"ListItem","position":2,"name":"Preguntas Frecuentes"}]},{"@type":"WebSite","@id":"https:\/\/www.irooildrilling.com\/span\/#website","url":"https:\/\/www.irooildrilling.com\/span\/","name":"IRO perforaciones petrol\u00edferas qu\u00edmicas Co., Ltd.","description":"","potentialAction":[{"@type":"SearchAction","target":{"@type":"EntryPoint","urlTemplate":"https:\/\/www.irooildrilling.com\/span\/?s={search_term_string}"},"query-input":{"@type":"PropertyValueSpecification","valueRequired":true,"valueName":"search_term_string"}}],"inLanguage":"es"}]}},"_links":{"self":[{"href":"https:\/\/www.irooildrilling.com\/span\/wp-json\/wp\/v2\/pages\/43","targetHints":{"allow":["GET"]}}],"collection":[{"href":"https:\/\/www.irooildrilling.com\/span\/wp-json\/wp\/v2\/pages"}],"about":[{"href":"https:\/\/www.irooildrilling.com\/span\/wp-json\/wp\/v2\/types\/page"}],"author":[{"embeddable":true,"href":"https:\/\/www.irooildrilling.com\/span\/wp-json\/wp\/v2\/users\/1"}],"replies":[{"embeddable":true,"href":"https:\/\/www.irooildrilling.com\/span\/wp-json\/wp\/v2\/comments?post=43"}],"version-history":[{"count":1,"href":"https:\/\/www.irooildrilling.com\/span\/wp-json\/wp\/v2\/pages\/43\/revisions"}],"predecessor-version":[{"id":3081,"href":"https:\/\/www.irooildrilling.com\/span\/wp-json\/wp\/v2\/pages\/43\/revisions\/3081"}],"wp:attachment":[{"href":"https:\/\/www.irooildrilling.com\/span\/wp-json\/wp\/v2\/media?parent=43"}],"curies":[{"name":"wp","href":"https:\/\/api.w.org\/{rel}","templated":true}]}}