{"id":24,"date":"2020-05-07T09:09:28","date_gmt":"2020-05-07T09:09:28","guid":{"rendered":"https:\/\/www.irooildrilling.com\/span\/?page_id=24"},"modified":"2021-02-22T07:19:15","modified_gmt":"2021-02-22T07:19:15","slug":"certificate","status":"publish","type":"page","link":"https:\/\/www.irooildrilling.com\/span\/certificate\/","title":{"rendered":"Certificado"},"content":{"rendered":"<h1>Certificado<\/h1>\n<div class=\"row clearfix\">\n<div class=\"box two \">\n<img loading=\"lazy\" decoding=\"async\" class=\"alignnone wp-image-84 size-medium\" src=\"https:\/\/www.irooildrilling.com\/span\/wp-content\/uploads\/2020\/05\/ISO9001-2000-certificate-220x300.jpg\" alt=\"ISO9001-2000 certificate\" width=\"220\" height=\"300\" \/><br \/>\n<\/div>\n<div class=\"box two \">\n<img loading=\"lazy\" decoding=\"async\" class=\"alignnone wp-image-85 size-medium\" src=\"https:\/\/www.irooildrilling.com\/span\/wp-content\/uploads\/2020\/05\/ISO14001-certificate-218x300.jpg\" alt=\"ISO14001 certificate\" width=\"218\" height=\"300\" \/><br \/>\n<\/div>\n<\/div>\n","protected":false},"excerpt":{"rendered":"<p>Certificado<\/p>\n","protected":false},"author":1,"featured_media":0,"parent":0,"menu_order":0,"comment_status":"closed","ping_status":"closed","template":"","meta":{"footnotes":""},"class_list":["post-24","page","type-page","status-publish","hentry"],"yoast_head":"<!-- This site is optimized with the Yoast SEO plugin v27.2 - https:\/\/yoast.com\/product\/yoast-seo-wordpress\/ -->\n<title>Certificado;ISO9001;ISO14001 - IRO perforaciones petrol\u00edferas qu\u00edmicas Co., Ltd.<\/title>\n<meta name=\"description\" content=\"IRO perforaciones petrol\u00edferas qu\u00edmicas Co., Ltd. es el principal proveedor de productos qu\u00edmicos de campo de petr\u00f3leo de China.\" \/>\n<meta name=\"robots\" content=\"index, follow, max-snippet:-1, max-image-preview:large, max-video-preview:-1\" \/>\n<link rel=\"canonical\" href=\"https:\/\/www.irooildrilling.com\/span\/certificate\/\" \/>\n<meta property=\"og:locale\" content=\"es_ES\" \/>\n<meta property=\"og:type\" content=\"article\" \/>\n<meta property=\"og:title\" content=\"Certificado;ISO9001;ISO14001 - IRO perforaciones petrol\u00edferas qu\u00edmicas Co., Ltd.\" \/>\n<meta property=\"og:description\" content=\"IRO perforaciones petrol\u00edferas qu\u00edmicas Co., Ltd. es el principal proveedor de productos qu\u00edmicos de campo de petr\u00f3leo de China.\" \/>\n<meta property=\"og:url\" content=\"https:\/\/www.irooildrilling.com\/span\/certificate\/\" \/>\n<meta property=\"og:site_name\" content=\"IRO perforaciones petrol\u00edferas qu\u00edmicas Co., Ltd.\" \/>\n<meta property=\"article:modified_time\" content=\"2021-02-22T07:19:15+00:00\" \/>\n<meta property=\"og:image\" content=\"https:\/\/www.irooildrilling.com\/span\/wp-content\/uploads\/2020\/05\/ISO9001-2000-certificate-220x300.jpg\" \/>\n<meta name=\"twitter:card\" content=\"summary_large_image\" \/>\n<!-- \/ Yoast SEO plugin. -->","yoast_head_json":{"title":"Certificado;ISO9001;ISO14001 - IRO perforaciones petrol\u00edferas qu\u00edmicas Co., Ltd.","description":"IRO perforaciones petrol\u00edferas qu\u00edmicas Co., Ltd. es el principal proveedor de productos qu\u00edmicos de campo de petr\u00f3leo de China.","robots":{"index":"index","follow":"follow","max-snippet":"max-snippet:-1","max-image-preview":"max-image-preview:large","max-video-preview":"max-video-preview:-1"},"canonical":"https:\/\/www.irooildrilling.com\/span\/certificate\/","og_locale":"es_ES","og_type":"article","og_title":"Certificado;ISO9001;ISO14001 - IRO perforaciones petrol\u00edferas qu\u00edmicas Co., Ltd.","og_description":"IRO perforaciones petrol\u00edferas qu\u00edmicas Co., Ltd. es el principal proveedor de productos qu\u00edmicos de campo de petr\u00f3leo de China.","og_url":"https:\/\/www.irooildrilling.com\/span\/certificate\/","og_site_name":"IRO perforaciones petrol\u00edferas qu\u00edmicas Co., Ltd.","article_modified_time":"2021-02-22T07:19:15+00:00","og_image":[{"url":"https:\/\/www.irooildrilling.com\/span\/wp-content\/uploads\/2020\/05\/ISO9001-2000-certificate-220x300.jpg","type":"","width":"","height":""}],"twitter_card":"summary_large_image","schema":{"@context":"https:\/\/schema.org","@graph":[{"@type":"WebPage","@id":"https:\/\/www.irooildrilling.com\/span\/certificate\/","url":"https:\/\/www.irooildrilling.com\/span\/certificate\/","name":"Certificado;ISO9001;ISO14001 - IRO perforaciones petrol\u00edferas qu\u00edmicas Co., Ltd.","isPartOf":{"@id":"https:\/\/www.irooildrilling.com\/span\/#website"},"primaryImageOfPage":{"@id":"https:\/\/www.irooildrilling.com\/span\/certificate\/#primaryimage"},"image":{"@id":"https:\/\/www.irooildrilling.com\/span\/certificate\/#primaryimage"},"thumbnailUrl":"https:\/\/www.irooildrilling.com\/span\/wp-content\/uploads\/2020\/05\/ISO9001-2000-certificate-220x300.jpg","datePublished":"2020-05-07T09:09:28+00:00","dateModified":"2021-02-22T07:19:15+00:00","description":"IRO perforaciones petrol\u00edferas qu\u00edmicas Co., Ltd. es el principal proveedor de productos qu\u00edmicos de campo de petr\u00f3leo de China.","breadcrumb":{"@id":"https:\/\/www.irooildrilling.com\/span\/certificate\/#breadcrumb"},"inLanguage":"es","potentialAction":[{"@type":"ReadAction","target":["https:\/\/www.irooildrilling.com\/span\/certificate\/"]}]},{"@type":"ImageObject","inLanguage":"es","@id":"https:\/\/www.irooildrilling.com\/span\/certificate\/#primaryimage","url":"https:\/\/www.irooildrilling.com\/span\/wp-content\/uploads\/2020\/05\/ISO9001-2000-certificate-220x300.jpg","contentUrl":"https:\/\/www.irooildrilling.com\/span\/wp-content\/uploads\/2020\/05\/ISO9001-2000-certificate-220x300.jpg"},{"@type":"BreadcrumbList","@id":"https:\/\/www.irooildrilling.com\/span\/certificate\/#breadcrumb","itemListElement":[{"@type":"ListItem","position":1,"name":"Portada","item":"https:\/\/www.irooildrilling.com\/span\/"},{"@type":"ListItem","position":2,"name":"Certificado"}]},{"@type":"WebSite","@id":"https:\/\/www.irooildrilling.com\/span\/#website","url":"https:\/\/www.irooildrilling.com\/span\/","name":"IRO perforaciones petrol\u00edferas qu\u00edmicas Co., Ltd.","description":"","potentialAction":[{"@type":"SearchAction","target":{"@type":"EntryPoint","urlTemplate":"https:\/\/www.irooildrilling.com\/span\/?s={search_term_string}"},"query-input":{"@type":"PropertyValueSpecification","valueRequired":true,"valueName":"search_term_string"}}],"inLanguage":"es"}]}},"_links":{"self":[{"href":"https:\/\/www.irooildrilling.com\/span\/wp-json\/wp\/v2\/pages\/24","targetHints":{"allow":["GET"]}}],"collection":[{"href":"https:\/\/www.irooildrilling.com\/span\/wp-json\/wp\/v2\/pages"}],"about":[{"href":"https:\/\/www.irooildrilling.com\/span\/wp-json\/wp\/v2\/types\/page"}],"author":[{"embeddable":true,"href":"https:\/\/www.irooildrilling.com\/span\/wp-json\/wp\/v2\/users\/1"}],"replies":[{"embeddable":true,"href":"https:\/\/www.irooildrilling.com\/span\/wp-json\/wp\/v2\/comments?post=24"}],"version-history":[{"count":0,"href":"https:\/\/www.irooildrilling.com\/span\/wp-json\/wp\/v2\/pages\/24\/revisions"}],"wp:attachment":[{"href":"https:\/\/www.irooildrilling.com\/span\/wp-json\/wp\/v2\/media?parent=24"}],"curies":[{"name":"wp","href":"https:\/\/api.w.org\/{rel}","templated":true}]}}