{"id":22,"date":"2020-05-07T09:09:08","date_gmt":"2020-05-07T09:09:08","guid":{"rendered":"https:\/\/www.irooildrilling.com\/span\/?page_id=22"},"modified":"2021-02-22T07:32:22","modified_gmt":"2021-02-22T07:32:22","slug":"manufacturing","status":"publish","type":"page","link":"https:\/\/www.irooildrilling.com\/span\/manufacturing\/","title":{"rendered":"Fabricaci\u00f3n"},"content":{"rendered":"<h1><strong>Fabricaci\u00f3n<\/strong><\/h1>\n<p>IRO perforaciones petrol\u00edferas de instalaciones de fabricaci\u00f3n se extienden por China, con la fabricaci\u00f3n y de las facilidades de almacenamiento para la gran variedad de necesidades del cliente.<\/p>\n<p>Fabricaci\u00f3n: IRO perforaciones petrol\u00edferas que tiene la facilidad Molden para la mezcla de ambos materiales en polvo y pol\u00edmeros l\u00edquidos.<\/p>\n<p>1. El material en polvo: cinta vertical y horizontal licuadoras, trituradoras, molinos de bolas, pulverizadores y secadoras est\u00e1n disponibles con las maquinas de embolsado. La instalaci\u00f3n es capaz de polimerizarse y mezclando todos los tipos de material pulverizado y pulverizando hasta el tama\u00f1o de malla deseado y el envasado en bolsas de clientes especificados.<\/p>\n<p>IRO perforaciones petrol\u00edferas tiene 6 instalaciones de fabricaci\u00f3n de productos qu\u00edmicos en polvo fluido de perforaci\u00f3n donde cada uno de los polimerizados sint\u00e9ticos de alto rendimiento para los minerales naturales son procesados, probado y embalado. Cada unidad de este tipo mantiene el alto nivel de calidad y seguridad en todo momento.<\/p>\n<p>Embalaje est\u00e1ndar incluyen: 1,0t o 1,5t de cada bolsas jumbo, 50kg\/25kg\/50libra de polietileno de alta densidad y de m\u00faltiples capas bolsas de papel,<\/p>\n<p>2. Materiales l\u00edquidos: IRO perforaciones petrol\u00edferas ha instalado reactores de alta capacidad y mezcladores equipados con la refrigeraci\u00f3n necesaria y los sistemas de calefacci\u00f3n capaz de manejar ambas reacciones exot\u00e9rmicas y endot\u00e9rmicas, esterificaci\u00f3n, polimerizaci\u00f3n, sulfonato, ethoxylated, destilaci\u00f3n. Equipada con una dosificaci\u00f3n precisa y sistemas de medici\u00f3n.<\/p>\n<p>Embalaje personalizado en 25lit\/50lit\/200lit (55gal) en bidones se puede hacer con el etiquetado privado seg\u00fan sea necesario.<\/p>\n<p>Almacenamiento: tenemos las licencias adecuadas de almacenamiento y aprobaciones para tanto las materias primas y productos terminados. La proximidad a la ubicaci\u00f3n del puerto y estrat\u00e9gico en China asegura que las tarifas de los fletes m\u00e1s competitivos.<\/p>\n","protected":false},"excerpt":{"rendered":"<p>Fabricaci\u00f3n IRO perforaciones petrol\u00edferas de instalaciones de fabricaci\u00f3n se extienden por China, con la fabricaci\u00f3n y de las facilidades de almacenamiento para la gran variedad de necesidades del cliente. Fabricaci\u00f3n: IRO perforaciones petrol\u00edferas que tiene la facilidad Molden para la mezcla de ambos materiales en polvo y pol\u00edmeros l\u00edquidos. 1. El material en polvo: cinta [&hellip;]<\/p>\n","protected":false},"author":1,"featured_media":0,"parent":0,"menu_order":0,"comment_status":"closed","ping_status":"closed","template":"","meta":{"footnotes":""},"class_list":["post-22","page","type-page","status-publish","hentry"],"yoast_head":"<!-- This site is optimized with the Yoast SEO plugin v27.2 - https:\/\/yoast.com\/product\/yoast-seo-wordpress\/ -->\n<title>Fabricaci\u00f3n - IRO perforaciones petrol\u00edferas qu\u00edmicas Co., Ltd.<\/title>\n<meta name=\"description\" content=\"IRO perforaciones petrol\u00edferas de instalaciones de fabricaci\u00f3n se extienden por China, con la fabricaci\u00f3n y de las facilidades de almacenamiento para la gran variedad de necesidades del cliente.\" \/>\n<meta name=\"robots\" content=\"index, follow, max-snippet:-1, max-image-preview:large, max-video-preview:-1\" \/>\n<link rel=\"canonical\" href=\"https:\/\/www.irooildrilling.com\/span\/manufacturing\/\" \/>\n<meta property=\"og:locale\" content=\"es_ES\" \/>\n<meta property=\"og:type\" content=\"article\" \/>\n<meta property=\"og:title\" content=\"Fabricaci\u00f3n - IRO perforaciones petrol\u00edferas qu\u00edmicas Co., Ltd.\" \/>\n<meta property=\"og:description\" content=\"IRO perforaciones petrol\u00edferas de instalaciones de fabricaci\u00f3n se extienden por China, con la fabricaci\u00f3n y de las facilidades de almacenamiento para la gran variedad de necesidades del cliente.\" \/>\n<meta property=\"og:url\" content=\"https:\/\/www.irooildrilling.com\/span\/manufacturing\/\" \/>\n<meta property=\"og:site_name\" content=\"IRO perforaciones petrol\u00edferas qu\u00edmicas Co., Ltd.\" \/>\n<meta property=\"article:modified_time\" content=\"2021-02-22T07:32:22+00:00\" \/>\n<meta name=\"twitter:card\" content=\"summary_large_image\" \/>\n<meta name=\"twitter:label1\" content=\"Tiempo de lectura\" \/>\n\t<meta name=\"twitter:data1\" content=\"2 minutos\" \/>\n<!-- \/ Yoast SEO plugin. -->","yoast_head_json":{"title":"Fabricaci\u00f3n - IRO perforaciones petrol\u00edferas qu\u00edmicas Co., Ltd.","description":"IRO perforaciones petrol\u00edferas de instalaciones de fabricaci\u00f3n se extienden por China, con la fabricaci\u00f3n y de las facilidades de almacenamiento para la gran variedad de necesidades del cliente.","robots":{"index":"index","follow":"follow","max-snippet":"max-snippet:-1","max-image-preview":"max-image-preview:large","max-video-preview":"max-video-preview:-1"},"canonical":"https:\/\/www.irooildrilling.com\/span\/manufacturing\/","og_locale":"es_ES","og_type":"article","og_title":"Fabricaci\u00f3n - IRO perforaciones petrol\u00edferas qu\u00edmicas Co., Ltd.","og_description":"IRO perforaciones petrol\u00edferas de instalaciones de fabricaci\u00f3n se extienden por China, con la fabricaci\u00f3n y de las facilidades de almacenamiento para la gran variedad de necesidades del cliente.","og_url":"https:\/\/www.irooildrilling.com\/span\/manufacturing\/","og_site_name":"IRO perforaciones petrol\u00edferas qu\u00edmicas Co., Ltd.","article_modified_time":"2021-02-22T07:32:22+00:00","twitter_card":"summary_large_image","twitter_misc":{"Tiempo de lectura":"2 minutos"},"schema":{"@context":"https:\/\/schema.org","@graph":[{"@type":"WebPage","@id":"https:\/\/www.irooildrilling.com\/span\/manufacturing\/","url":"https:\/\/www.irooildrilling.com\/span\/manufacturing\/","name":"Fabricaci\u00f3n - IRO perforaciones petrol\u00edferas qu\u00edmicas Co., Ltd.","isPartOf":{"@id":"https:\/\/www.irooildrilling.com\/span\/#website"},"datePublished":"2020-05-07T09:09:08+00:00","dateModified":"2021-02-22T07:32:22+00:00","description":"IRO perforaciones petrol\u00edferas de instalaciones de fabricaci\u00f3n se extienden por China, con la fabricaci\u00f3n y de las facilidades de almacenamiento para la gran variedad de necesidades del cliente.","breadcrumb":{"@id":"https:\/\/www.irooildrilling.com\/span\/manufacturing\/#breadcrumb"},"inLanguage":"es","potentialAction":[{"@type":"ReadAction","target":["https:\/\/www.irooildrilling.com\/span\/manufacturing\/"]}]},{"@type":"BreadcrumbList","@id":"https:\/\/www.irooildrilling.com\/span\/manufacturing\/#breadcrumb","itemListElement":[{"@type":"ListItem","position":1,"name":"Portada","item":"https:\/\/www.irooildrilling.com\/span\/"},{"@type":"ListItem","position":2,"name":"Fabricaci\u00f3n"}]},{"@type":"WebSite","@id":"https:\/\/www.irooildrilling.com\/span\/#website","url":"https:\/\/www.irooildrilling.com\/span\/","name":"IRO perforaciones petrol\u00edferas qu\u00edmicas Co., Ltd.","description":"","potentialAction":[{"@type":"SearchAction","target":{"@type":"EntryPoint","urlTemplate":"https:\/\/www.irooildrilling.com\/span\/?s={search_term_string}"},"query-input":{"@type":"PropertyValueSpecification","valueRequired":true,"valueName":"search_term_string"}}],"inLanguage":"es"}]}},"_links":{"self":[{"href":"https:\/\/www.irooildrilling.com\/span\/wp-json\/wp\/v2\/pages\/22","targetHints":{"allow":["GET"]}}],"collection":[{"href":"https:\/\/www.irooildrilling.com\/span\/wp-json\/wp\/v2\/pages"}],"about":[{"href":"https:\/\/www.irooildrilling.com\/span\/wp-json\/wp\/v2\/types\/page"}],"author":[{"embeddable":true,"href":"https:\/\/www.irooildrilling.com\/span\/wp-json\/wp\/v2\/users\/1"}],"replies":[{"embeddable":true,"href":"https:\/\/www.irooildrilling.com\/span\/wp-json\/wp\/v2\/comments?post=22"}],"version-history":[{"count":0,"href":"https:\/\/www.irooildrilling.com\/span\/wp-json\/wp\/v2\/pages\/22\/revisions"}],"wp:attachment":[{"href":"https:\/\/www.irooildrilling.com\/span\/wp-json\/wp\/v2\/media?parent=22"}],"curies":[{"name":"wp","href":"https:\/\/api.w.org\/{rel}","templated":true}]}}