{"id":18,"date":"2020-05-07T09:08:20","date_gmt":"2020-05-07T09:08:20","guid":{"rendered":"https:\/\/www.irooildrilling.com\/span\/?page_id=18"},"modified":"2021-02-24T02:16:15","modified_gmt":"2021-02-24T02:16:15","slug":"quality","status":"publish","type":"page","link":"https:\/\/www.irooildrilling.com\/span\/quality\/","title":{"rendered":"La calidad"},"content":{"rendered":"<h2 class=\"welcome\"><strong>La calidad<\/strong><\/h2>\n<p><img loading=\"lazy\" decoding=\"async\" class=\"alignleft wp-image-74 size-full\" src=\"https:\/\/www.irooildrilling.com\/span\/wp-content\/uploads\/2020\/05\/engineer.jpg\" alt=\"engineer\" width=\"300\" height=\"222\" \/><\/p>\n<p>Equipado con todas las novedades y los equipos de prueba m\u00e1s precisos asegurar el m\u00e1s riguroso, m\u00e1s r\u00e1pida y la prueba m\u00e1s fiable de nuestros productos y tambi\u00e9n los clientes siempre productos. Los laboratorios tambi\u00e9n est\u00e1n equipados con plantas piloto para cada uno de los productos fabricados por nosotros.<\/p>\n<p>Desde el dise\u00f1o y desarrollo de productos de pruebas de rendimiento, desde la inspecci\u00f3n de entrada en el proceso y la inspecci\u00f3n final se realiza siguiendo los planes de calidad m\u00e1s detalladas.<\/p>\n<p>Calidad es superar las expectativas de los clientes y que mejor manera de evaluar que los clientes que por s\u00ed mismos contrarios a la mayor\u00eda de las empresas animamos a nuestros clientes a visitarnos y probar sus productos, ya sea delante de ellos, o bien que entrenarlos para probar nuestros productos.<\/p>\n","protected":false},"excerpt":{"rendered":"<p>La calidad Equipado con todas las novedades y los equipos de prueba m\u00e1s precisos asegurar el m\u00e1s riguroso, m\u00e1s r\u00e1pida y la prueba m\u00e1s fiable de nuestros productos y tambi\u00e9n los clientes siempre productos. Los laboratorios tambi\u00e9n est\u00e1n equipados con plantas piloto para cada uno de los productos fabricados por nosotros. Desde el dise\u00f1o y [&hellip;]<\/p>\n","protected":false},"author":1,"featured_media":0,"parent":0,"menu_order":0,"comment_status":"closed","ping_status":"closed","template":"","meta":{"footnotes":""},"class_list":["post-18","page","type-page","status-publish","hentry"],"yoast_head":"<!-- This site is optimized with the Yoast SEO plugin v27.2 - https:\/\/yoast.com\/product\/yoast-seo-wordpress\/ -->\n<title>La calidad - IRO perforaciones petrol\u00edferas qu\u00edmicas Co., Ltd.<\/title>\n<meta name=\"description\" content=\"Equipado con todas las novedades y los equipos de prueba m\u00e1s precisos asegurar el m\u00e1s riguroso, m\u00e1s r\u00e1pida y la prueba m\u00e1s fiable de nuestros productos y tambi\u00e9n los clientes siempre productos.\" \/>\n<meta name=\"robots\" content=\"index, follow, max-snippet:-1, max-image-preview:large, max-video-preview:-1\" \/>\n<link rel=\"canonical\" href=\"https:\/\/www.irooildrilling.com\/span\/quality\/\" \/>\n<meta property=\"og:locale\" content=\"es_ES\" \/>\n<meta property=\"og:type\" content=\"article\" \/>\n<meta property=\"og:title\" content=\"La calidad - IRO perforaciones petrol\u00edferas qu\u00edmicas Co., Ltd.\" \/>\n<meta property=\"og:description\" content=\"Equipado con todas las novedades y los equipos de prueba m\u00e1s precisos asegurar el m\u00e1s riguroso, m\u00e1s r\u00e1pida y la prueba m\u00e1s fiable de nuestros productos y tambi\u00e9n los clientes siempre productos.\" \/>\n<meta property=\"og:url\" content=\"https:\/\/www.irooildrilling.com\/span\/quality\/\" \/>\n<meta property=\"og:site_name\" content=\"IRO perforaciones petrol\u00edferas qu\u00edmicas Co., Ltd.\" \/>\n<meta property=\"article:modified_time\" content=\"2021-02-24T02:16:15+00:00\" \/>\n<meta property=\"og:image\" content=\"https:\/\/www.irooildrilling.com\/span\/wp-content\/uploads\/2020\/05\/engineer.jpg\" \/>\n<meta name=\"twitter:card\" content=\"summary_large_image\" \/>\n<meta name=\"twitter:label1\" content=\"Tiempo de lectura\" \/>\n\t<meta name=\"twitter:data1\" content=\"1 minuto\" \/>\n<!-- \/ Yoast SEO plugin. -->","yoast_head_json":{"title":"La calidad - IRO perforaciones petrol\u00edferas qu\u00edmicas Co., Ltd.","description":"Equipado con todas las novedades y los equipos de prueba m\u00e1s precisos asegurar el m\u00e1s riguroso, m\u00e1s r\u00e1pida y la prueba m\u00e1s fiable de nuestros productos y tambi\u00e9n los clientes siempre productos.","robots":{"index":"index","follow":"follow","max-snippet":"max-snippet:-1","max-image-preview":"max-image-preview:large","max-video-preview":"max-video-preview:-1"},"canonical":"https:\/\/www.irooildrilling.com\/span\/quality\/","og_locale":"es_ES","og_type":"article","og_title":"La calidad - IRO perforaciones petrol\u00edferas qu\u00edmicas Co., Ltd.","og_description":"Equipado con todas las novedades y los equipos de prueba m\u00e1s precisos asegurar el m\u00e1s riguroso, m\u00e1s r\u00e1pida y la prueba m\u00e1s fiable de nuestros productos y tambi\u00e9n los clientes siempre productos.","og_url":"https:\/\/www.irooildrilling.com\/span\/quality\/","og_site_name":"IRO perforaciones petrol\u00edferas qu\u00edmicas Co., Ltd.","article_modified_time":"2021-02-24T02:16:15+00:00","og_image":[{"url":"https:\/\/www.irooildrilling.com\/span\/wp-content\/uploads\/2020\/05\/engineer.jpg","type":"","width":"","height":""}],"twitter_card":"summary_large_image","twitter_misc":{"Tiempo de lectura":"1 minuto"},"schema":{"@context":"https:\/\/schema.org","@graph":[{"@type":"WebPage","@id":"https:\/\/www.irooildrilling.com\/span\/quality\/","url":"https:\/\/www.irooildrilling.com\/span\/quality\/","name":"La calidad - IRO perforaciones petrol\u00edferas qu\u00edmicas Co., Ltd.","isPartOf":{"@id":"https:\/\/www.irooildrilling.com\/span\/#website"},"primaryImageOfPage":{"@id":"https:\/\/www.irooildrilling.com\/span\/quality\/#primaryimage"},"image":{"@id":"https:\/\/www.irooildrilling.com\/span\/quality\/#primaryimage"},"thumbnailUrl":"https:\/\/www.irooildrilling.com\/span\/wp-content\/uploads\/2020\/05\/engineer.jpg","datePublished":"2020-05-07T09:08:20+00:00","dateModified":"2021-02-24T02:16:15+00:00","description":"Equipado con todas las novedades y los equipos de prueba m\u00e1s precisos asegurar el m\u00e1s riguroso, m\u00e1s r\u00e1pida y la prueba m\u00e1s fiable de nuestros productos y tambi\u00e9n los clientes siempre productos.","breadcrumb":{"@id":"https:\/\/www.irooildrilling.com\/span\/quality\/#breadcrumb"},"inLanguage":"es","potentialAction":[{"@type":"ReadAction","target":["https:\/\/www.irooildrilling.com\/span\/quality\/"]}]},{"@type":"ImageObject","inLanguage":"es","@id":"https:\/\/www.irooildrilling.com\/span\/quality\/#primaryimage","url":"https:\/\/www.irooildrilling.com\/span\/wp-content\/uploads\/2020\/05\/engineer.jpg","contentUrl":"https:\/\/www.irooildrilling.com\/span\/wp-content\/uploads\/2020\/05\/engineer.jpg"},{"@type":"BreadcrumbList","@id":"https:\/\/www.irooildrilling.com\/span\/quality\/#breadcrumb","itemListElement":[{"@type":"ListItem","position":1,"name":"Portada","item":"https:\/\/www.irooildrilling.com\/span\/"},{"@type":"ListItem","position":2,"name":"La calidad"}]},{"@type":"WebSite","@id":"https:\/\/www.irooildrilling.com\/span\/#website","url":"https:\/\/www.irooildrilling.com\/span\/","name":"IRO perforaciones petrol\u00edferas qu\u00edmicas Co., Ltd.","description":"","potentialAction":[{"@type":"SearchAction","target":{"@type":"EntryPoint","urlTemplate":"https:\/\/www.irooildrilling.com\/span\/?s={search_term_string}"},"query-input":{"@type":"PropertyValueSpecification","valueRequired":true,"valueName":"search_term_string"}}],"inLanguage":"es"}]}},"_links":{"self":[{"href":"https:\/\/www.irooildrilling.com\/span\/wp-json\/wp\/v2\/pages\/18","targetHints":{"allow":["GET"]}}],"collection":[{"href":"https:\/\/www.irooildrilling.com\/span\/wp-json\/wp\/v2\/pages"}],"about":[{"href":"https:\/\/www.irooildrilling.com\/span\/wp-json\/wp\/v2\/types\/page"}],"author":[{"embeddable":true,"href":"https:\/\/www.irooildrilling.com\/span\/wp-json\/wp\/v2\/users\/1"}],"replies":[{"embeddable":true,"href":"https:\/\/www.irooildrilling.com\/span\/wp-json\/wp\/v2\/comments?post=18"}],"version-history":[{"count":0,"href":"https:\/\/www.irooildrilling.com\/span\/wp-json\/wp\/v2\/pages\/18\/revisions"}],"wp:attachment":[{"href":"https:\/\/www.irooildrilling.com\/span\/wp-json\/wp\/v2\/media?parent=18"}],"curies":[{"name":"wp","href":"https:\/\/api.w.org\/{rel}","templated":true}]}}