{"id":17,"date":"2020-05-07T09:08:00","date_gmt":"2020-05-07T09:08:00","guid":{"rendered":"https:\/\/www.irooildrilling.com\/span\/?page_id=16"},"modified":"2021-02-22T07:21:08","modified_gmt":"2021-02-22T07:21:08","slug":"clients","status":"publish","type":"page","link":"https:\/\/www.irooildrilling.com\/span\/clients\/","title":{"rendered":"Los Clientes"},"content":{"rendered":"<h1 class=\"welcome\"><strong>Los Clientes<\/strong><\/h1>\n<p>IRO perforaciones petrol\u00edferas no se encuentra en el principal fabricante, pero en la mayor\u00eda de los casos, el \u00fanico fabricante cualificado de una amplia gama de fluidos de perforaci\u00f3n y los productos qu\u00edmicos de especialidad de lodo en China.<\/p>\n<p>Nuestra gama de clientes se encuentran las empresas l\u00edderes mundiales de servicios de barro, las empresas propiedades del gobierno de perforaci\u00f3n, el comercio regional y las empresas de la media.<\/p>\n<p>IRO perforaciones petrol\u00edferas de productos manufacturados son aprobados por muchas empresas estatales m\u00e1s importantes de perforaci\u00f3n de propiedad y los proveedores de servicios y tienen una historia exitosa de la oferta de m\u00e1s de 10 a\u00f1os para los productos manufacturados o para los que se han otorgado en varias ocasiones por nuestros clientes.<\/p>\n<p>Nuestros productos qu\u00edmicos de alto rendimiento encuentran el uso de las empresas mientras y perforaci\u00f3n en Am\u00e9rica del sur a los comerciantes y contratistas en Medio Oriente, a los mercados m\u00e1s desarrollados de EEUU y Canad\u00e1 y los destinos lejanos de \u00c1frica y las zonas log\u00edsticas dif\u00edciles de Asia Central y Rusia.<\/p>\n<p>IRO perforaciones petrol\u00edferas se enorgullece de ser un fabricante de fluidos de perforaci\u00f3n preferido a mas de 100 clientes en 30 pa\u00edses en 5 continentes del mundo de ancho con cada cliente es un cliente habitual.<\/p>\n<p>Todos los clientes son importantes para nosotros, trabajamos con el mismo entusiasmo con nuestros peque\u00f1os contratistas como lo hacemos con nuestros clientes multinacionales Siempre asegurar el mejor producto para cada cliente.<\/p>\n<p>Tambi\u00e9n trabajamos como los fabricantes de los contratos y de etiqueta privada de nuestros productos para las empresas de servicios l\u00edderes en el mundo. En China tenemos el orgullo de afirmar que m\u00e1s de 50 empresas de comercio vender y mostrar nuestros productos a sus usuarios finales que nos da la fuerza para comercializar nuestros productos a los destinos m\u00e1s remotos del mundo.<\/p>\n<p>Por favor, p\u00f3ngase en contacto con nosotros para obtener m\u00e1s informaci\u00f3n acerca de referencias de referencias de nuestros clientes.<\/p>\n","protected":false},"excerpt":{"rendered":"<p>Los Clientes IRO perforaciones petrol\u00edferas no se encuentra en el principal fabricante, pero en la mayor\u00eda de los casos, el \u00fanico fabricante cualificado de una amplia gama de fluidos de perforaci\u00f3n y los productos qu\u00edmicos de especialidad de lodo en China. Nuestra gama de clientes se encuentran las empresas l\u00edderes mundiales de servicios de barro, [&hellip;]<\/p>\n","protected":false},"author":1,"featured_media":0,"parent":0,"menu_order":0,"comment_status":"closed","ping_status":"closed","template":"","meta":{"footnotes":""},"class_list":["post-17","page","type-page","status-publish","hentry"],"yoast_head":"<!-- This site is optimized with the Yoast SEO plugin v27.2 - https:\/\/yoast.com\/product\/yoast-seo-wordpress\/ -->\n<title>Los Clientes - IRO perforaciones petrol\u00edferas qu\u00edmicas Co., Ltd.<\/title>\n<meta name=\"description\" content=\"IRO perforaciones petrol\u00edferas no se encuentra en el principal fabricante, pero en la mayor\u00eda de los casos, el \u00fanico fabricante cualificado de una amplia gama de fluidos de perforaci\u00f3n y los productos qu\u00edmicos de especialidad de lodo en China.\" \/>\n<meta name=\"robots\" content=\"index, follow, max-snippet:-1, max-image-preview:large, max-video-preview:-1\" \/>\n<link rel=\"canonical\" href=\"https:\/\/www.irooildrilling.com\/span\/clients\/\" \/>\n<meta property=\"og:locale\" content=\"es_ES\" \/>\n<meta property=\"og:type\" content=\"article\" \/>\n<meta property=\"og:title\" content=\"Los Clientes - IRO perforaciones petrol\u00edferas qu\u00edmicas Co., Ltd.\" \/>\n<meta property=\"og:description\" content=\"IRO perforaciones petrol\u00edferas no se encuentra en el principal fabricante, pero en la mayor\u00eda de los casos, el \u00fanico fabricante cualificado de una amplia gama de fluidos de perforaci\u00f3n y los productos qu\u00edmicos de especialidad de lodo en China.\" \/>\n<meta property=\"og:url\" content=\"https:\/\/www.irooildrilling.com\/span\/clients\/\" \/>\n<meta property=\"og:site_name\" content=\"IRO perforaciones petrol\u00edferas qu\u00edmicas Co., Ltd.\" \/>\n<meta property=\"article:modified_time\" content=\"2021-02-22T07:21:08+00:00\" \/>\n<meta name=\"twitter:card\" content=\"summary_large_image\" \/>\n<meta name=\"twitter:label1\" content=\"Tiempo de lectura\" \/>\n\t<meta name=\"twitter:data1\" content=\"2 minutos\" \/>\n<!-- \/ Yoast SEO plugin. -->","yoast_head_json":{"title":"Los Clientes - IRO perforaciones petrol\u00edferas qu\u00edmicas Co., Ltd.","description":"IRO perforaciones petrol\u00edferas no se encuentra en el principal fabricante, pero en la mayor\u00eda de los casos, el \u00fanico fabricante cualificado de una amplia gama de fluidos de perforaci\u00f3n y los productos qu\u00edmicos de especialidad de lodo en China.","robots":{"index":"index","follow":"follow","max-snippet":"max-snippet:-1","max-image-preview":"max-image-preview:large","max-video-preview":"max-video-preview:-1"},"canonical":"https:\/\/www.irooildrilling.com\/span\/clients\/","og_locale":"es_ES","og_type":"article","og_title":"Los Clientes - IRO perforaciones petrol\u00edferas qu\u00edmicas Co., Ltd.","og_description":"IRO perforaciones petrol\u00edferas no se encuentra en el principal fabricante, pero en la mayor\u00eda de los casos, el \u00fanico fabricante cualificado de una amplia gama de fluidos de perforaci\u00f3n y los productos qu\u00edmicos de especialidad de lodo en China.","og_url":"https:\/\/www.irooildrilling.com\/span\/clients\/","og_site_name":"IRO perforaciones petrol\u00edferas qu\u00edmicas Co., Ltd.","article_modified_time":"2021-02-22T07:21:08+00:00","twitter_card":"summary_large_image","twitter_misc":{"Tiempo de lectura":"2 minutos"},"schema":{"@context":"https:\/\/schema.org","@graph":[{"@type":"WebPage","@id":"https:\/\/www.irooildrilling.com\/span\/clients\/","url":"https:\/\/www.irooildrilling.com\/span\/clients\/","name":"Los Clientes - IRO perforaciones petrol\u00edferas qu\u00edmicas Co., Ltd.","isPartOf":{"@id":"https:\/\/www.irooildrilling.com\/span\/#website"},"datePublished":"2020-05-07T09:08:00+00:00","dateModified":"2021-02-22T07:21:08+00:00","description":"IRO perforaciones petrol\u00edferas no se encuentra en el principal fabricante, pero en la mayor\u00eda de los casos, el \u00fanico fabricante cualificado de una amplia gama de fluidos de perforaci\u00f3n y los productos qu\u00edmicos de especialidad de lodo en China.","breadcrumb":{"@id":"https:\/\/www.irooildrilling.com\/span\/clients\/#breadcrumb"},"inLanguage":"es","potentialAction":[{"@type":"ReadAction","target":["https:\/\/www.irooildrilling.com\/span\/clients\/"]}]},{"@type":"BreadcrumbList","@id":"https:\/\/www.irooildrilling.com\/span\/clients\/#breadcrumb","itemListElement":[{"@type":"ListItem","position":1,"name":"Portada","item":"https:\/\/www.irooildrilling.com\/span\/"},{"@type":"ListItem","position":2,"name":"Los Clientes"}]},{"@type":"WebSite","@id":"https:\/\/www.irooildrilling.com\/span\/#website","url":"https:\/\/www.irooildrilling.com\/span\/","name":"IRO perforaciones petrol\u00edferas qu\u00edmicas Co., Ltd.","description":"","potentialAction":[{"@type":"SearchAction","target":{"@type":"EntryPoint","urlTemplate":"https:\/\/www.irooildrilling.com\/span\/?s={search_term_string}"},"query-input":{"@type":"PropertyValueSpecification","valueRequired":true,"valueName":"search_term_string"}}],"inLanguage":"es"}]}},"_links":{"self":[{"href":"https:\/\/www.irooildrilling.com\/span\/wp-json\/wp\/v2\/pages\/17","targetHints":{"allow":["GET"]}}],"collection":[{"href":"https:\/\/www.irooildrilling.com\/span\/wp-json\/wp\/v2\/pages"}],"about":[{"href":"https:\/\/www.irooildrilling.com\/span\/wp-json\/wp\/v2\/types\/page"}],"author":[{"embeddable":true,"href":"https:\/\/www.irooildrilling.com\/span\/wp-json\/wp\/v2\/users\/1"}],"replies":[{"embeddable":true,"href":"https:\/\/www.irooildrilling.com\/span\/wp-json\/wp\/v2\/comments?post=17"}],"version-history":[{"count":0,"href":"https:\/\/www.irooildrilling.com\/span\/wp-json\/wp\/v2\/pages\/17\/revisions"}],"wp:attachment":[{"href":"https:\/\/www.irooildrilling.com\/span\/wp-json\/wp\/v2\/media?parent=17"}],"curies":[{"name":"wp","href":"https:\/\/api.w.org\/{rel}","templated":true}]}}