{"id":16,"date":"2020-05-07T09:07:39","date_gmt":"2020-05-07T09:07:39","guid":{"rendered":"https:\/\/www.irooildrilling.com\/span\/?page_id=14"},"modified":"2021-08-25T09:51:07","modified_gmt":"2021-08-25T09:51:07","slug":"products","status":"publish","type":"page","link":"https:\/\/www.irooildrilling.com\/span\/products\/","title":{"rendered":"Productos"},"content":{"rendered":"<h1 class=\"welcome\"><strong>PRODUCTOS<\/strong><\/h1>\n<h2>ARRASTRE AGENTE REDUCTOR DE TUBERIA<\/h2>\n<ul>\n<li><a href=\"\/span\/products\/ep-o\/\">EP-A DRAG AGENTE REDUCTOR<\/a><\/li>\n<li><a href=\"\/span\/products\/ep-o\/\">EP-O DRAG AGENTE REDUCTOR<\/a><\/li>\n<\/ul>\n<h2>ESQUISTO-CONTROL DEL AGENTE<\/h2>\n<ul>\n<li><a href=\"\/span\/products\/pam\/\">Poliacrilamida (PAM)<\/a><\/li>\n<\/ul>\n<h2>VISCOSIFICADOR<\/h2>\n<ul>\n<li><a href=\"\/span\/products\/cmc\/\">CARRBOXIMETIL CELULOSA S\u00d3DICA (CMC)-ACEITE DE GRADO DE PERFORACI\u00d3N<\/a><\/li>\n<li><a href=\"\/span\/products\/pac\/\">LA CELULOSA POLIANI\u00d3NICA (PAC)<\/a><\/li>\n<li><a href=\"\/span\/products\/xanthan-gum\/\">Xanthan Gum<\/a><\/li>\n<\/ul>\n<h2>DISPERSANTES<\/h2>\n<ul>\n<li><a href=\"\/span\/products\/aa-amps\/\">\u00c1CIDO ACRILICO-2-ACRILAMIDO-2-METILPROPANO SULF\u00d3RNICO COPOL\u00cdMERO (AA\/AMPS)<\/a><\/li>\n<li><a href=\"\/span\/products\/ir-225\/\">\u00c1CIDO ACRILICO-2-HIDROXIPROPIL COPOLIMERO ACRILATO (IR-225)<\/a><\/li>\n<li><a href=\"\/span\/products\/ir-241\/\">EL \u00c1CIDO ARILICO\/ACRILATO\/\u00c1CIDO FOSF\u00d3NICO\/SULFOSALT TETRA-COPOLIMERO (IR-241)<\/a><\/li>\n<li><a href=\"\/span\/products\/pca\/\">COPOL\u00cdMERO DE FOSFONO Y \u00c1CIDO CARBOXILICO (PCA)<\/a><\/li>\n<li><a href=\"\/span\/products\/hpma\/\">ANH\u00cdDRIDO POLIMALEICO HIDROLIZADA (HPMA)<\/a><\/li>\n<li><a href=\"\/span\/products\/ir-613\/\">IR-613 ACR\u00cdLICO SULFOSALT ACRILATO-COPOLIMEROS<\/a><\/li>\n<li><a href=\"\/span\/products\/ir-3100\/\">IR-3100 CARBOXILATO DE SULFONATO NONION Tri-pol\u00edmero<\/a><\/li>\n<li><a href=\"\/span\/products\/pesa\/\">\u00c1CIDO POLIEPOXISUCC\u00cdNICO (PESA)<\/a><\/li>\n<li><a href=\"\/span\/products\/pasp\/\">SODIO DE \u00c1CIDO POLIASPARTICO (PASP)<\/a><\/li>\n<\/ul>\n<h2>BIOCIDAS<\/h2>\n<ul>\n<li><a href=\"\/span\/products\/dbnpa\/\">2.2-DIBROMO-3-NITRILOPROPIONAMIDA (DBNPA)<\/a><\/li>\n<li><a href=\"\/span\/products\/bronopol\/\">2-Bromo-2-Nitro-1, 3-Propanodiol (Bronopol)<\/a><\/li>\n<li><a href=\"\/span\/products\/bkc\/\">DODEIL DIMETIL BENCIL CLORURO DE AMONIO (Benzalconio Cloruro, 1227)<\/a><\/li>\n<li><a href=\"\/span\/products\/glutaraldehyde\/\">GLUTARALDEH\u00cdDO<\/a><\/li>\n<li><a href=\"\/span\/products\/isothiazolinones\/\">ISOTIAZOLINONA (CMIT\/MIT)<\/a><\/li>\n<li><a href=\"\/span\/products\/mbt\/\">EL TIOCIANATO DE METILENO BIS (MBT\/MTC)<\/a><\/li>\n<li><a href=\"\/span\/products\/thps\/\">TETRAKIS (HIDROXIMETIL) FOSFONIO SULFATO (THPS)<\/a><\/li>\n<\/ul>\n","protected":false},"excerpt":{"rendered":"<p>PRODUCTOS ARRASTRE AGENTE REDUCTOR DE TUBERIA EP-A DRAG AGENTE REDUCTOR EP-O DRAG AGENTE REDUCTOR ESQUISTO-CONTROL DEL AGENTE Poliacrilamida (PAM) VISCOSIFICADOR CARRBOXIMETIL CELULOSA S\u00d3DICA (CMC)-ACEITE DE GRADO DE PERFORACI\u00d3N LA CELULOSA POLIANI\u00d3NICA (PAC) Xanthan Gum DISPERSANTES \u00c1CIDO ACRILICO-2-ACRILAMIDO-2-METILPROPANO SULF\u00d3RNICO COPOL\u00cdMERO (AA\/AMPS) \u00c1CIDO ACRILICO-2-HIDROXIPROPIL COPOLIMERO ACRILATO (IR-225) EL \u00c1CIDO ARILICO\/ACRILATO\/\u00c1CIDO FOSF\u00d3NICO\/SULFOSALT TETRA-COPOLIMERO (IR-241) COPOL\u00cdMERO DE FOSFONO Y [&hellip;]<\/p>\n","protected":false},"author":1,"featured_media":0,"parent":0,"menu_order":0,"comment_status":"closed","ping_status":"closed","template":"","meta":{"footnotes":""},"class_list":["post-16","page","type-page","status-publish","hentry"],"yoast_head":"<!-- This site is optimized with the Yoast SEO plugin v27.2 - https:\/\/yoast.com\/product\/yoast-seo-wordpress\/ -->\n<title>INHIBIDOR DE LA CORROSI\u00d3N;DISPERSANTES;BIOCIDAS;ARRASTRE AGENTE REDUCTOR DE TUBERIA;ESQUISTO-CONTROL DEL AGENTE;VISCOSIFICADOR- IRO perforaciones petrol\u00edferas qu\u00edmicas Co., Ltd.<\/title>\n<meta name=\"description\" content=\"Nuestra gama de los productos cubre los germicidas, agentes de carga, inhibidores de la corrosi\u00f3n, dispersivo-mezcla, tubo de arrastre agentes reductores, esquisto inhibiros y viscosificantes.\" \/>\n<meta name=\"robots\" content=\"index, follow, max-snippet:-1, max-image-preview:large, max-video-preview:-1\" \/>\n<link rel=\"canonical\" href=\"https:\/\/www.irooildrilling.com\/span\/products\/\" \/>\n<meta property=\"og:locale\" content=\"es_ES\" \/>\n<meta property=\"og:type\" content=\"article\" \/>\n<meta property=\"og:title\" content=\"INHIBIDOR DE LA CORROSI\u00d3N;DISPERSANTES;BIOCIDAS;ARRASTRE AGENTE REDUCTOR DE TUBERIA;ESQUISTO-CONTROL DEL AGENTE;VISCOSIFICADOR- IRO perforaciones petrol\u00edferas qu\u00edmicas Co., Ltd.\" \/>\n<meta property=\"og:description\" content=\"Nuestra gama de los productos cubre los germicidas, agentes de carga, inhibidores de la corrosi\u00f3n, dispersivo-mezcla, tubo de arrastre agentes reductores, esquisto inhibiros y viscosificantes.\" \/>\n<meta property=\"og:url\" content=\"https:\/\/www.irooildrilling.com\/span\/products\/\" \/>\n<meta property=\"og:site_name\" content=\"IRO perforaciones petrol\u00edferas qu\u00edmicas Co., Ltd.\" \/>\n<meta property=\"article:modified_time\" content=\"2021-08-25T09:51:07+00:00\" \/>\n<meta name=\"twitter:card\" content=\"summary_large_image\" \/>\n<meta name=\"twitter:label1\" content=\"Tiempo de lectura\" \/>\n\t<meta name=\"twitter:data1\" content=\"1 minuto\" \/>\n<!-- \/ Yoast SEO plugin. -->","yoast_head_json":{"title":"INHIBIDOR DE LA CORROSI\u00d3N;DISPERSANTES;BIOCIDAS;ARRASTRE AGENTE REDUCTOR DE TUBERIA;ESQUISTO-CONTROL DEL AGENTE;VISCOSIFICADOR- IRO perforaciones petrol\u00edferas qu\u00edmicas Co., Ltd.","description":"Nuestra gama de los productos cubre los germicidas, agentes de carga, inhibidores de la corrosi\u00f3n, dispersivo-mezcla, tubo de arrastre agentes reductores, esquisto inhibiros y viscosificantes.","robots":{"index":"index","follow":"follow","max-snippet":"max-snippet:-1","max-image-preview":"max-image-preview:large","max-video-preview":"max-video-preview:-1"},"canonical":"https:\/\/www.irooildrilling.com\/span\/products\/","og_locale":"es_ES","og_type":"article","og_title":"INHIBIDOR DE LA CORROSI\u00d3N;DISPERSANTES;BIOCIDAS;ARRASTRE AGENTE REDUCTOR DE TUBERIA;ESQUISTO-CONTROL DEL AGENTE;VISCOSIFICADOR- IRO perforaciones petrol\u00edferas qu\u00edmicas Co., Ltd.","og_description":"Nuestra gama de los productos cubre los germicidas, agentes de carga, inhibidores de la corrosi\u00f3n, dispersivo-mezcla, tubo de arrastre agentes reductores, esquisto inhibiros y viscosificantes.","og_url":"https:\/\/www.irooildrilling.com\/span\/products\/","og_site_name":"IRO perforaciones petrol\u00edferas qu\u00edmicas Co., Ltd.","article_modified_time":"2021-08-25T09:51:07+00:00","twitter_card":"summary_large_image","twitter_misc":{"Tiempo de lectura":"1 minuto"},"schema":{"@context":"https:\/\/schema.org","@graph":[{"@type":"WebPage","@id":"https:\/\/www.irooildrilling.com\/span\/products\/","url":"https:\/\/www.irooildrilling.com\/span\/products\/","name":"INHIBIDOR DE LA CORROSI\u00d3N;DISPERSANTES;BIOCIDAS;ARRASTRE AGENTE REDUCTOR DE TUBERIA;ESQUISTO-CONTROL DEL AGENTE;VISCOSIFICADOR- IRO perforaciones petrol\u00edferas qu\u00edmicas Co., Ltd.","isPartOf":{"@id":"https:\/\/www.irooildrilling.com\/span\/#website"},"datePublished":"2020-05-07T09:07:39+00:00","dateModified":"2021-08-25T09:51:07+00:00","description":"Nuestra gama de los productos cubre los germicidas, agentes de carga, inhibidores de la corrosi\u00f3n, dispersivo-mezcla, tubo de arrastre agentes reductores, esquisto inhibiros y viscosificantes.","breadcrumb":{"@id":"https:\/\/www.irooildrilling.com\/span\/products\/#breadcrumb"},"inLanguage":"es","potentialAction":[{"@type":"ReadAction","target":["https:\/\/www.irooildrilling.com\/span\/products\/"]}]},{"@type":"BreadcrumbList","@id":"https:\/\/www.irooildrilling.com\/span\/products\/#breadcrumb","itemListElement":[{"@type":"ListItem","position":1,"name":"Portada","item":"https:\/\/www.irooildrilling.com\/span\/"},{"@type":"ListItem","position":2,"name":"Productos"}]},{"@type":"WebSite","@id":"https:\/\/www.irooildrilling.com\/span\/#website","url":"https:\/\/www.irooildrilling.com\/span\/","name":"IRO perforaciones petrol\u00edferas qu\u00edmicas Co., Ltd.","description":"","potentialAction":[{"@type":"SearchAction","target":{"@type":"EntryPoint","urlTemplate":"https:\/\/www.irooildrilling.com\/span\/?s={search_term_string}"},"query-input":{"@type":"PropertyValueSpecification","valueRequired":true,"valueName":"search_term_string"}}],"inLanguage":"es"}]}},"_links":{"self":[{"href":"https:\/\/www.irooildrilling.com\/span\/wp-json\/wp\/v2\/pages\/16","targetHints":{"allow":["GET"]}}],"collection":[{"href":"https:\/\/www.irooildrilling.com\/span\/wp-json\/wp\/v2\/pages"}],"about":[{"href":"https:\/\/www.irooildrilling.com\/span\/wp-json\/wp\/v2\/types\/page"}],"author":[{"embeddable":true,"href":"https:\/\/www.irooildrilling.com\/span\/wp-json\/wp\/v2\/users\/1"}],"replies":[{"embeddable":true,"href":"https:\/\/www.irooildrilling.com\/span\/wp-json\/wp\/v2\/comments?post=16"}],"version-history":[{"count":0,"href":"https:\/\/www.irooildrilling.com\/span\/wp-json\/wp\/v2\/pages\/16\/revisions"}],"wp:attachment":[{"href":"https:\/\/www.irooildrilling.com\/span\/wp-json\/wp\/v2\/media?parent=16"}],"curies":[{"name":"wp","href":"https:\/\/api.w.org\/{rel}","templated":true}]}}