{"id":15,"date":"2020-05-07T09:07:16","date_gmt":"2020-05-07T09:07:16","guid":{"rendered":"https:\/\/www.irooildrilling.com\/span\/?page_id=12"},"modified":"2021-02-22T07:55:39","modified_gmt":"2021-02-22T07:55:39","slug":"home","status":"publish","type":"page","link":"https:\/\/www.irooildrilling.com\/span\/","title":{"rendered":"Empresa"},"content":{"rendered":"<h1 class=\"welcome\">Bienvenido a nuestra p\u00e1gina Web.<\/h1>\n<p>IRO perforaciones petrol\u00edferas qu\u00edmicas Co., Ltd. es el principal proveedor de productos qu\u00edmicos de campo de petr\u00f3leo de China. Nuestra gama de los productos cubre los germicidas, agentes de carga, inhibidores de la corrosi\u00f3n, dispersivo-mezcla, tubo de arrastre agentes reductores, esquisto inhibiros y viscosificantes.<\/p>\n<p>Adem\u00e1s del mercado interno nuestros productos se exportan a m\u00e1s de 30 pa\u00edses, y ha establecido a largo plazo la cooperaci\u00f3n con las empresas multinacionales como Baker Hughes, MI SWACO, OGDCL Pakist\u00e1n, etc.<\/p>\n<p>IRO perforaciones petrol\u00edferas, principalmente tiene la capacidad de producci\u00f3n anual: 3000t germicidas, 4000t salmueras, 10000t viscosificantes. Su facturaci\u00f3n alcanza aproximadamente 400 millones de yuanes en 2011 (aproximadamente 63million d\u00f3lar).<\/p>\n<p>Mientras disfruta de la popularidad y el honor de nuestros clientes en todo el mundo, estamos cumpliendo con nuestra pasi\u00f3n en este campo. Con la creencia de que los beneficios mutuos son la bese misma de los negocios, esperamos que para lograr la cooperaci\u00f3n con usted.<\/p>\n<div class=\"row clearfix\">\n<div class=\"box three \">\n<img loading=\"lazy\" decoding=\"async\" class=\"alignnone wp-image-59 size-full\" src=\"https:\/\/www.irooildrilling.com\/span\/wp-content\/uploads\/2020\/05\/img1.jpg\" alt=\"img1\" width=\"140\" height=\"105\" \/><br \/>\n<\/div>\n<div class=\"box three \">\n<img loading=\"lazy\" decoding=\"async\" class=\"alignnone wp-image-60 size-full\" src=\"https:\/\/www.irooildrilling.com\/span\/wp-content\/uploads\/2020\/05\/img2.jpg\" alt=\"img2\" width=\"140\" height=\"105\" \/><br \/>\n<\/div>\n<div class=\"box three \">\n<img loading=\"lazy\" decoding=\"async\" class=\"alignnone wp-image-61 size-full\" src=\"https:\/\/www.irooildrilling.com\/span\/wp-content\/uploads\/2020\/05\/img3.jpg\" alt=\"img3\" width=\"140\" height=\"105\" \/><br \/>\n<\/div>\n<\/div>\n","protected":false},"excerpt":{"rendered":"<p>Bienvenido a nuestra p\u00e1gina Web. IRO perforaciones petrol\u00edferas qu\u00edmicas Co., Ltd. es el principal proveedor de productos qu\u00edmicos de campo de petr\u00f3leo de China. Nuestra gama de los productos cubre los germicidas, agentes de carga, inhibidores de la corrosi\u00f3n, dispersivo-mezcla, tubo de arrastre agentes reductores, esquisto inhibiros y viscosificantes. Adem\u00e1s del mercado interno nuestros productos [&hellip;]<\/p>\n","protected":false},"author":1,"featured_media":0,"parent":0,"menu_order":0,"comment_status":"closed","ping_status":"closed","template":"","meta":{"footnotes":""},"class_list":["post-15","page","type-page","status-publish","hentry"],"yoast_head":"<!-- This site is optimized with the Yoast SEO plugin v27.2 - https:\/\/yoast.com\/product\/yoast-seo-wordpress\/ -->\n<title>Compa\u00f1\u00eda de fluidos de perforaci\u00f3n, Proveedor de productos qu\u00edmicos para campos petrol\u00edferos - IRO perforaciones petrol\u00edferas qu\u00edmicas Co., Ltd.<\/title>\n<meta name=\"description\" content=\"IRO Oil Drilling Chemicals Co., Ltd es una de las principales empresas de fluidos de perforaci\u00f3n y proveedores de productos qu\u00edmicos para campos petrol\u00edferos. Haga clic aqu\u00ed para ver productos qu\u00edmicos de alta calidad.\" \/>\n<meta name=\"robots\" content=\"index, follow, max-snippet:-1, max-image-preview:large, max-video-preview:-1\" \/>\n<link rel=\"canonical\" href=\"https:\/\/www.irooildrilling.com\/span\/\" \/>\n<meta property=\"og:locale\" content=\"es_ES\" \/>\n<meta property=\"og:type\" content=\"article\" \/>\n<meta property=\"og:title\" content=\"Compa\u00f1\u00eda de fluidos de perforaci\u00f3n, Proveedor de productos qu\u00edmicos para campos petrol\u00edferos - IRO perforaciones petrol\u00edferas qu\u00edmicas Co., Ltd.\" \/>\n<meta property=\"og:description\" content=\"IRO Oil Drilling Chemicals Co., Ltd es una de las principales empresas de fluidos de perforaci\u00f3n y proveedores de productos qu\u00edmicos para campos petrol\u00edferos. Haga clic aqu\u00ed para ver productos qu\u00edmicos de alta calidad.\" \/>\n<meta property=\"og:url\" content=\"https:\/\/www.irooildrilling.com\/span\/\" \/>\n<meta property=\"og:site_name\" content=\"IRO perforaciones petrol\u00edferas qu\u00edmicas Co., Ltd.\" \/>\n<meta property=\"article:modified_time\" content=\"2021-02-22T07:55:39+00:00\" \/>\n<meta property=\"og:image\" content=\"https:\/\/www.irooildrilling.com\/span\/wp-content\/uploads\/2020\/05\/img1.jpg\" \/>\n<meta name=\"twitter:card\" content=\"summary_large_image\" \/>\n<meta name=\"twitter:label1\" content=\"Tiempo de lectura\" \/>\n\t<meta name=\"twitter:data1\" content=\"1 minuto\" \/>\n<!-- \/ Yoast SEO plugin. -->","yoast_head_json":{"title":"Compa\u00f1\u00eda de fluidos de perforaci\u00f3n, Proveedor de productos qu\u00edmicos para campos petrol\u00edferos - IRO perforaciones petrol\u00edferas qu\u00edmicas Co., Ltd.","description":"IRO Oil Drilling Chemicals Co., Ltd es una de las principales empresas de fluidos de perforaci\u00f3n y proveedores de productos qu\u00edmicos para campos petrol\u00edferos. Haga clic aqu\u00ed para ver productos qu\u00edmicos de alta calidad.","robots":{"index":"index","follow":"follow","max-snippet":"max-snippet:-1","max-image-preview":"max-image-preview:large","max-video-preview":"max-video-preview:-1"},"canonical":"https:\/\/www.irooildrilling.com\/span\/","og_locale":"es_ES","og_type":"article","og_title":"Compa\u00f1\u00eda de fluidos de perforaci\u00f3n, Proveedor de productos qu\u00edmicos para campos petrol\u00edferos - IRO perforaciones petrol\u00edferas qu\u00edmicas Co., Ltd.","og_description":"IRO Oil Drilling Chemicals Co., Ltd es una de las principales empresas de fluidos de perforaci\u00f3n y proveedores de productos qu\u00edmicos para campos petrol\u00edferos. Haga clic aqu\u00ed para ver productos qu\u00edmicos de alta calidad.","og_url":"https:\/\/www.irooildrilling.com\/span\/","og_site_name":"IRO perforaciones petrol\u00edferas qu\u00edmicas Co., Ltd.","article_modified_time":"2021-02-22T07:55:39+00:00","og_image":[{"url":"https:\/\/www.irooildrilling.com\/span\/wp-content\/uploads\/2020\/05\/img1.jpg","type":"","width":"","height":""}],"twitter_card":"summary_large_image","twitter_misc":{"Tiempo de lectura":"1 minuto"},"schema":{"@context":"https:\/\/schema.org","@graph":[{"@type":"WebPage","@id":"https:\/\/www.irooildrilling.com\/span\/","url":"https:\/\/www.irooildrilling.com\/span\/","name":"Compa\u00f1\u00eda de fluidos de perforaci\u00f3n, Proveedor de productos qu\u00edmicos para campos petrol\u00edferos - IRO perforaciones petrol\u00edferas qu\u00edmicas Co., Ltd.","isPartOf":{"@id":"https:\/\/www.irooildrilling.com\/span\/#website"},"primaryImageOfPage":{"@id":"https:\/\/www.irooildrilling.com\/span\/#primaryimage"},"image":{"@id":"https:\/\/www.irooildrilling.com\/span\/#primaryimage"},"thumbnailUrl":"https:\/\/www.irooildrilling.com\/span\/wp-content\/uploads\/2020\/05\/img1.jpg","datePublished":"2020-05-07T09:07:16+00:00","dateModified":"2021-02-22T07:55:39+00:00","description":"IRO Oil Drilling Chemicals Co., Ltd es una de las principales empresas de fluidos de perforaci\u00f3n y proveedores de productos qu\u00edmicos para campos petrol\u00edferos. Haga clic aqu\u00ed para ver productos qu\u00edmicos de alta calidad.","breadcrumb":{"@id":"https:\/\/www.irooildrilling.com\/span\/#breadcrumb"},"inLanguage":"es","potentialAction":[{"@type":"ReadAction","target":["https:\/\/www.irooildrilling.com\/span\/"]}]},{"@type":"ImageObject","inLanguage":"es","@id":"https:\/\/www.irooildrilling.com\/span\/#primaryimage","url":"https:\/\/www.irooildrilling.com\/span\/wp-content\/uploads\/2020\/05\/img1.jpg","contentUrl":"https:\/\/www.irooildrilling.com\/span\/wp-content\/uploads\/2020\/05\/img1.jpg"},{"@type":"BreadcrumbList","@id":"https:\/\/www.irooildrilling.com\/span\/#breadcrumb","itemListElement":[{"@type":"ListItem","position":1,"name":"Portada","item":"https:\/\/www.irooildrilling.com\/span\/"},{"@type":"ListItem","position":2,"name":"Empresa"}]},{"@type":"WebSite","@id":"https:\/\/www.irooildrilling.com\/span\/#website","url":"https:\/\/www.irooildrilling.com\/span\/","name":"IRO perforaciones petrol\u00edferas qu\u00edmicas Co., Ltd.","description":"","potentialAction":[{"@type":"SearchAction","target":{"@type":"EntryPoint","urlTemplate":"https:\/\/www.irooildrilling.com\/span\/?s={search_term_string}"},"query-input":{"@type":"PropertyValueSpecification","valueRequired":true,"valueName":"search_term_string"}}],"inLanguage":"es"}]}},"_links":{"self":[{"href":"https:\/\/www.irooildrilling.com\/span\/wp-json\/wp\/v2\/pages\/15","targetHints":{"allow":["GET"]}}],"collection":[{"href":"https:\/\/www.irooildrilling.com\/span\/wp-json\/wp\/v2\/pages"}],"about":[{"href":"https:\/\/www.irooildrilling.com\/span\/wp-json\/wp\/v2\/types\/page"}],"author":[{"embeddable":true,"href":"https:\/\/www.irooildrilling.com\/span\/wp-json\/wp\/v2\/users\/1"}],"replies":[{"embeddable":true,"href":"https:\/\/www.irooildrilling.com\/span\/wp-json\/wp\/v2\/comments?post=15"}],"version-history":[{"count":0,"href":"https:\/\/www.irooildrilling.com\/span\/wp-json\/wp\/v2\/pages\/15\/revisions"}],"wp:attachment":[{"href":"https:\/\/www.irooildrilling.com\/span\/wp-json\/wp\/v2\/media?parent=15"}],"curies":[{"name":"wp","href":"https:\/\/api.w.org\/{rel}","templated":true}]}}