{"id":43,"date":"2020-05-08T01:56:30","date_gmt":"2020-05-07T17:56:30","guid":{"rendered":"https:\/\/www.irooildrilling.com\/fr\/?page_id=43"},"modified":"2024-03-29T17:18:36","modified_gmt":"2024-03-29T09:18:36","slug":"faqs","status":"publish","type":"page","link":"https:\/\/www.irooildrilling.com\/fr\/faqs\/","title":{"rendered":"Questions fr\u00e9quemment pos\u00e9es"},"content":{"rendered":"<h1>Questions fr\u00e9quemment pos\u00e9es<\/h1>\n<p>Voici quelques questions fr\u00e9quemment pos\u00e9es par nos clients. Si vous avez d&rsquo;autres questions sur nos produits chimiques de forage p\u00e9trolier, n&rsquo;h\u00e9sitez pas \u00e0 nous contacter. IRO Petroleum Drilling Chemical Co., Ltd. est ravi de vous r\u00e9pondre.<\/p>\n<h2>Q1 : O\u00f9 se trouve le si\u00e8ge social de IRO Oil Drilling Chemical Co., Ltd ?<\/h2>\n<p>R : Le si\u00e8ge social de l&rsquo;entreprise est situ\u00e9 \u00e0 Zaozhuang, dans la province de Shandong, o\u00f9 se trouve son bureau ex\u00e9cutif principal. IRO Oil Drilling Chemical Co., Ltd poss\u00e8de \u00e9galement un bureau ex\u00e9cutif \u00e0 Qingdao, dans la province de Shandong. Vous pouvez acc\u00e9der \u00e0 nos adresses physiques ou contacter nos bureaux.<\/p>\n<h2>Q2 : Quelle est l&rsquo;activit\u00e9 principale de IRO Oil Drilling Chemical Co., Ltd ?<\/h2>\n<p>R : IRO Oil Drilling Chemical Co., Ltd (\u00ab\u00a0IRO oildrilling\u00a0\u00bb ou l&rsquo; \u00ab\u00a0entreprise\u00a0\u00bb) produit des produits chimiques pour les champs p\u00e9troliers utilis\u00e9s dans diverses applications, notamment des agents r\u00e9ducteurs de tra\u00een\u00e9e, des agents de contr\u00f4le des schistes, des viscosifiants, des dispersants, des biocides et des agents de pes\u00e9e.<\/p>\n<h2>Q3 : Quelles sont vos capacit\u00e9s en mati\u00e8re de R&amp;D ?<\/h2>\n<p>R : Nous disposons d&rsquo;\u00e9quipements d&rsquo;essais conformes aux normes internationales, d&rsquo;une \u00e9quipe technique professionnelle dans notre service technique, du soutien de professeurs d&rsquo;universit\u00e9 et de nombreuses ann\u00e9es d&rsquo;exp\u00e9rience \u00e0 l&rsquo;exportation.<\/p>\n<h2>Q4 : Proposez-vous un service apr\u00e8s-vente ?<\/h2>\n<p>R : Nous proposons un service professionnel de pr\u00e9vente, de vente et de service apr\u00e8s-vente pour \u00eatre disponibles 24h\/24 et 7j\/7 pour nos clients.<\/p>\n<h2>Q5 : Comment s&rsquo;organise votre contr\u00f4le qualit\u00e9 ?<\/h2>\n<p>R : Nous disposons de certificats ISO, de processus de contr\u00f4le qualit\u00e9 et environnemental bien \u00e9tablis. De l&rsquo;achat des mati\u00e8res premi\u00e8res \u00e0 la livraison du produit, chaque \u00e9tape est strictement contr\u00f4l\u00e9e par le service de contr\u00f4le concern\u00e9. Gr\u00e2ce \u00e0 l&rsquo;ensemble de ces syst\u00e8mes, nous garantissons que 100% de nos produits sont conformes avant exp\u00e9dition.<\/p>\n<h2>Q6 : Comment pouvons-nous en savoir plus sur vos produits populaires ?<\/h2>\n<p>R : Veuillez consulter les d\u00e9tails du produit dans le menu principal de la page d&rsquo;accueil. Vous pouvez \u00e9galement les voir dans les parties gauche des sous-pages. Pour plus d&rsquo;informations, nous pouvons \u00e9galement fournir des fiches techniques et des fiches de donn\u00e9es de s\u00e9curit\u00e9. De plus, nous avons des ing\u00e9nieurs techniques sp\u00e9cialis\u00e9s pour vous guider dans les tests et l&rsquo;utilisation.<\/p>\n<h2>Q7 : Pourriez-vous fournir un \u00e9chantillon pour des tests ?<\/h2>\n<p>R : Nous serions ravis de vous fournir un \u00e9chantillon gratuit pour les tests.<\/p>\n","protected":false},"excerpt":{"rendered":"<p>Questions fr\u00e9quemment pos\u00e9es Voici quelques questions fr\u00e9quemment pos\u00e9es par nos clients. Si vous avez d&rsquo;autres questions sur nos produits chimiques de forage p\u00e9trolier, n&rsquo;h\u00e9sitez pas \u00e0 nous contacter. IRO Petroleum Drilling Chemical Co., Ltd. est ravi de vous r\u00e9pondre. Q1 : O\u00f9 se trouve le si\u00e8ge social de IRO Oil Drilling Chemical Co., Ltd ? [&hellip;]<\/p>\n","protected":false},"author":1,"featured_media":0,"parent":0,"menu_order":0,"comment_status":"closed","ping_status":"closed","template":"","meta":{"footnotes":""},"class_list":["post-43","page","type-page","status-publish","hentry"],"_links":{"self":[{"href":"https:\/\/www.irooildrilling.com\/fr\/wp-json\/wp\/v2\/pages\/43","targetHints":{"allow":["GET"]}}],"collection":[{"href":"https:\/\/www.irooildrilling.com\/fr\/wp-json\/wp\/v2\/pages"}],"about":[{"href":"https:\/\/www.irooildrilling.com\/fr\/wp-json\/wp\/v2\/types\/page"}],"author":[{"embeddable":true,"href":"https:\/\/www.irooildrilling.com\/fr\/wp-json\/wp\/v2\/users\/1"}],"replies":[{"embeddable":true,"href":"https:\/\/www.irooildrilling.com\/fr\/wp-json\/wp\/v2\/comments?post=43"}],"version-history":[{"count":0,"href":"https:\/\/www.irooildrilling.com\/fr\/wp-json\/wp\/v2\/pages\/43\/revisions"}],"wp:attachment":[{"href":"https:\/\/www.irooildrilling.com\/fr\/wp-json\/wp\/v2\/media?parent=43"}],"curies":[{"name":"wp","href":"https:\/\/api.w.org\/{rel}","templated":true}]}}