{"id":22,"date":"2020-05-07T09:09:08","date_gmt":"2020-05-07T01:09:08","guid":{"rendered":"https:\/\/www.irooildrilling.com\/fr\/?page_id=22"},"modified":"2024-03-21T14:51:24","modified_gmt":"2024-03-21T06:51:24","slug":"manufacturing","status":"publish","type":"page","link":"https:\/\/www.irooildrilling.com\/fr\/manufacturing\/","title":{"rendered":"Fabrication"},"content":{"rendered":"<h1 class=\"welcome\">Fabrication<\/h1>\n<p>Les installations de fabrication d&rsquo;IRO Oil Drilling sont r\u00e9parties dans toute la Chine, avec des installations de fabrication et de stockage ad\u00e9quates pour une grande vari\u00e9t\u00e9 de besoins clients.<\/p>\n<p>Fabrication : IRO Oil Drilling dispose d&rsquo;installations modernes pour le m\u00e9lange de mat\u00e9riaux en poudre et de polym\u00e8res liquides.<\/p>\n<p>1. Mat\u00e9riau en poudre : des m\u00e9langeurs \u00e0 ruban, \u00e0 la fois verticaux et horizontaux, des concasseurs, des broyeurs \u00e0 boulets, des pulv\u00e9risateurs et des s\u00e9choirs sont disponibles avec des machines d&rsquo;ensachage. L&rsquo;installation est capable de polym\u00e9riser et de m\u00e9langer tous les types de mat\u00e9riaux en poudre, de les pulv\u00e9riser \u00e0 la taille de maille requise et de les conditionner dans des sacs sp\u00e9cifi\u00e9s par le client.<\/p>\n<p>IRO Oil Drilling dispose de 6 installations de fabrication pour les produits chimiques en poudre pour fluides de forage, o\u00f9 chaque polym\u00e8re synth\u00e9tique haute performance, des min\u00e9raux naturels jusqu&rsquo;\u00e0 la production finie, est trait\u00e9, test\u00e9 et conditionn\u00e9. Chaque unit\u00e9 maintient en permanence un haut niveau de qualit\u00e9 et de s\u00e9curit\u00e9.<\/p>\n<p>L&#8217;emballage standard comprend des sacs jumbo de 1,0 ou 1,5 tonne, des sacs en plastique HDPE de 50 kg\/25 kg\/50 lbs et des sacs en papier multicouche.<\/p>\n<p>2. Mat\u00e9riaux liquides : IRO Oil Drilling a install\u00e9 des r\u00e9acteurs et des m\u00e9langeurs de grande capacit\u00e9 dot\u00e9s des syst\u00e8mes de refroidissement et de chauffage n\u00e9cessaires, capables de traiter des r\u00e9actions exothermiques et endothermiques, est\u00e9rification, \u00e9thoxylation, polym\u00e9risation, sulfonation, distillation. \u00c9quip\u00e9 de syst\u00e8mes de dosage et de mesure pr\u00e9cis.<\/p>\n<p>Un emballage personnalis\u00e9 dans des f\u00fbts de 25 l\/50 l\/200 l (55 gal) peut \u00eatre effectu\u00e9 avec \u00e9tiquetage priv\u00e9 selon les besoins.<\/p>\n<p>Stockage : Nous disposons des licences et des approbations n\u00e9cessaires pour le stockage tant des mati\u00e8res premi\u00e8res que des produits finis. La proximit\u00e9 du port et l&#8217;emplacement strat\u00e9gique en Chine garantissent des tarifs de transport les plus comp\u00e9titifs.<\/p>\n","protected":false},"excerpt":{"rendered":"<p>Fabrication Les installations de fabrication d&rsquo;IRO Oil Drilling sont r\u00e9parties dans toute la Chine, avec des installations de fabrication et de stockage ad\u00e9quates pour une grande vari\u00e9t\u00e9 de besoins clients. Fabrication : IRO Oil Drilling dispose d&rsquo;installations modernes pour le m\u00e9lange de mat\u00e9riaux en poudre et de polym\u00e8res liquides. 1. Mat\u00e9riau en poudre : des [&hellip;]<\/p>\n","protected":false},"author":1,"featured_media":0,"parent":0,"menu_order":0,"comment_status":"closed","ping_status":"closed","template":"","meta":{"footnotes":""},"class_list":["post-22","page","type-page","status-publish","hentry"],"_links":{"self":[{"href":"https:\/\/www.irooildrilling.com\/fr\/wp-json\/wp\/v2\/pages\/22","targetHints":{"allow":["GET"]}}],"collection":[{"href":"https:\/\/www.irooildrilling.com\/fr\/wp-json\/wp\/v2\/pages"}],"about":[{"href":"https:\/\/www.irooildrilling.com\/fr\/wp-json\/wp\/v2\/types\/page"}],"author":[{"embeddable":true,"href":"https:\/\/www.irooildrilling.com\/fr\/wp-json\/wp\/v2\/users\/1"}],"replies":[{"embeddable":true,"href":"https:\/\/www.irooildrilling.com\/fr\/wp-json\/wp\/v2\/comments?post=22"}],"version-history":[{"count":0,"href":"https:\/\/www.irooildrilling.com\/fr\/wp-json\/wp\/v2\/pages\/22\/revisions"}],"wp:attachment":[{"href":"https:\/\/www.irooildrilling.com\/fr\/wp-json\/wp\/v2\/media?parent=22"}],"curies":[{"name":"wp","href":"https:\/\/api.w.org\/{rel}","templated":true}]}}