{"id":20,"date":"2020-05-07T09:08:47","date_gmt":"2020-05-07T01:08:47","guid":{"rendered":"https:\/\/www.irooildrilling.com\/fr\/?page_id=20"},"modified":"2024-03-21T14:45:58","modified_gmt":"2024-03-21T06:45:58","slug":"infrastructure","status":"publish","type":"page","link":"https:\/\/www.irooildrilling.com\/fr\/infrastructure\/","title":{"rendered":"Infrastructure"},"content":{"rendered":"<h1>Infrastructure<\/h1>\n<p>Avec plusieurs sites de production et des installations de stockage et de distribution suppl\u00e9mentaires, IRO Oil Drilling est de loin la meilleure entreprise de fabrication de fluides de forage en Chine.<\/p>\n<p>Gr\u00e2ce \u00e0 des installations modernes allant de l&rsquo;approvisionnement en mati\u00e8res premi\u00e8res \u00e0 la livraison des marchandises, chaque op\u00e9ration est r\u00e9alis\u00e9e dans nos propres locaux, ce qui nous rend tr\u00e8s efficaces et rentables, tout en assurant les d\u00e9lais de livraison les plus courts \u00e0 nos clients.<\/p>\n<p>Les installations de fabrication de l&rsquo;entreprise comprennent des m\u00e9langeurs \u00e0 grande capacit\u00e9 \u00e0 vitesse variable, des r\u00e9acteurs en acier inoxydable, une gamme de s\u00e9choirs, des m\u00e9langeurs sp\u00e9cialis\u00e9s, des pulv\u00e9risateurs, des broyeurs, des autoclaves, des condenseurs. Associ\u00e9es \u00e0 nos r\u00e9servoirs de stockage de mati\u00e8res premi\u00e8res ad\u00e9quats et \u00e0 d&rsquo;autres \u00e9quipements de manutention de mati\u00e8res premi\u00e8res auxiliaires, ces installations garantissent des d\u00e9lais de livraison plus courts et une qualit\u00e9 constante.<\/p>\n<p>En ce qui concerne l&#8217;emballage, des machines d&rsquo;ensachage enti\u00e8rement automatis\u00e9es, des distributeurs de liquide suspendus, des palans et des chariots \u00e9l\u00e9vateurs, ainsi que des quais de chargement de conteneurs, nous permettent de proposer aux clients une vari\u00e9t\u00e9 de solutions d&#8217;emballage personnalis\u00e9es. Nous veillons \u00e0 ce que tous les produits des clients soient emball\u00e9s selon leurs besoins et \u00e0 ce que des emballages ad\u00e9quats soient fournis non seulement pour \u00eatre livr\u00e9s \u00e0 l&rsquo;entrep\u00f4t du client, mais aussi pour r\u00e9sister aux conditions exigeantes sur site et aux longs d\u00e9lais de stockage.<\/p>\n<p>Nous livrons partout : notre personnel logistique hautement qualifi\u00e9 veille \u00e0 ce que les marchandises soient exp\u00e9di\u00e9es \u00e0 temps et de la mani\u00e8re la plus rapide possible. IRO Oil Drilling Chemical Co., Ltd. se f\u00e9licite de l&rsquo;ex\u00e9cution r\u00e9ussie des commandes, qu&rsquo;il s&rsquo;agisse de quelques tonnes m\u00e9triques ou de milliers de tonnes m\u00e9triques, dans les d\u00e9lais et sans dommage ni retard. Nos produits sont livr\u00e9s sans d\u00e9lai dans les recoins les plus recul\u00e9s du monde.<\/p>\n","protected":false},"excerpt":{"rendered":"<p>Infrastructure Avec plusieurs sites de production et des installations de stockage et de distribution suppl\u00e9mentaires, IRO Oil Drilling est de loin la meilleure entreprise de fabrication de fluides de forage en Chine. Gr\u00e2ce \u00e0 des installations modernes allant de l&rsquo;approvisionnement en mati\u00e8res premi\u00e8res \u00e0 la livraison des marchandises, chaque op\u00e9ration est r\u00e9alis\u00e9e dans nos propres [&hellip;]<\/p>\n","protected":false},"author":1,"featured_media":0,"parent":0,"menu_order":0,"comment_status":"closed","ping_status":"closed","template":"","meta":{"footnotes":""},"class_list":["post-20","page","type-page","status-publish","hentry"],"_links":{"self":[{"href":"https:\/\/www.irooildrilling.com\/fr\/wp-json\/wp\/v2\/pages\/20","targetHints":{"allow":["GET"]}}],"collection":[{"href":"https:\/\/www.irooildrilling.com\/fr\/wp-json\/wp\/v2\/pages"}],"about":[{"href":"https:\/\/www.irooildrilling.com\/fr\/wp-json\/wp\/v2\/types\/page"}],"author":[{"embeddable":true,"href":"https:\/\/www.irooildrilling.com\/fr\/wp-json\/wp\/v2\/users\/1"}],"replies":[{"embeddable":true,"href":"https:\/\/www.irooildrilling.com\/fr\/wp-json\/wp\/v2\/comments?post=20"}],"version-history":[{"count":0,"href":"https:\/\/www.irooildrilling.com\/fr\/wp-json\/wp\/v2\/pages\/20\/revisions"}],"wp:attachment":[{"href":"https:\/\/www.irooildrilling.com\/fr\/wp-json\/wp\/v2\/media?parent=20"}],"curies":[{"name":"wp","href":"https:\/\/api.w.org\/{rel}","templated":true}]}}