{"id":18,"date":"2020-05-07T09:08:20","date_gmt":"2020-05-07T01:08:20","guid":{"rendered":"https:\/\/www.irooildrilling.com\/fr\/?page_id=18"},"modified":"2024-03-21T14:34:29","modified_gmt":"2024-03-21T06:34:29","slug":"quality","status":"publish","type":"page","link":"https:\/\/www.irooildrilling.com\/fr\/quality\/","title":{"rendered":"Qualit\u00e9"},"content":{"rendered":"<h1>Qualit\u00e9<\/h1>\n<p><img loading=\"lazy\" decoding=\"async\" class=\"alignleft wp-image-74 size-full\" src=\"https:\/\/www.irooildrilling.com\/fr\/wp-content\/uploads\/2020\/05\/engineer.jpg\" alt=\"engineer\" width=\"300\" height=\"222\" \/><\/p>\n<p>\u00c9quip\u00e9s de tous les \u00e9quipements de test les plus r\u00e9cents et les plus pr\u00e9cis, nous assurons les tests les plus rigoureux, rapides et fiables de nos produits ainsi que des produits fournis par les clients. Les laboratoires sont \u00e9galement \u00e9quip\u00e9s d&rsquo;unit\u00e9s pilotes pour chacun des produits que nous fabriquons.<\/p>\n<p>De la conception et du d\u00e9veloppement des produits aux tests de performance, de l&rsquo;inspection des mat\u00e9riaux entrants \u00e0 l&rsquo;inspection en cours de processus et finale, tout est effectu\u00e9 en suivant des plans de qualit\u00e9 tr\u00e8s d\u00e9taill\u00e9s.<\/p>\n<p>La qualit\u00e9 consiste \u00e0 d\u00e9passer les attentes du client et quoi de mieux pour l&rsquo;\u00e9valuer que par les clients eux-m\u00eames ? Contrairement \u00e0 la plupart des entreprises, nous encourageons nos clients \u00e0 nous rendre visite et \u00e0 tester leurs produits soit devant eux, soit en les formant \u00e0 tester nos produits.<\/p>\n","protected":false},"excerpt":{"rendered":"<p>Qualit\u00e9 \u00c9quip\u00e9s de tous les \u00e9quipements de test les plus r\u00e9cents et les plus pr\u00e9cis, nous assurons les tests les plus rigoureux, rapides et fiables de nos produits ainsi que des produits fournis par les clients. Les laboratoires sont \u00e9galement \u00e9quip\u00e9s d&rsquo;unit\u00e9s pilotes pour chacun des produits que nous fabriquons. De la conception et du [&hellip;]<\/p>\n","protected":false},"author":1,"featured_media":0,"parent":0,"menu_order":0,"comment_status":"closed","ping_status":"closed","template":"","meta":{"footnotes":""},"class_list":["post-18","page","type-page","status-publish","hentry"],"_links":{"self":[{"href":"https:\/\/www.irooildrilling.com\/fr\/wp-json\/wp\/v2\/pages\/18","targetHints":{"allow":["GET"]}}],"collection":[{"href":"https:\/\/www.irooildrilling.com\/fr\/wp-json\/wp\/v2\/pages"}],"about":[{"href":"https:\/\/www.irooildrilling.com\/fr\/wp-json\/wp\/v2\/types\/page"}],"author":[{"embeddable":true,"href":"https:\/\/www.irooildrilling.com\/fr\/wp-json\/wp\/v2\/users\/1"}],"replies":[{"embeddable":true,"href":"https:\/\/www.irooildrilling.com\/fr\/wp-json\/wp\/v2\/comments?post=18"}],"version-history":[{"count":0,"href":"https:\/\/www.irooildrilling.com\/fr\/wp-json\/wp\/v2\/pages\/18\/revisions"}],"wp:attachment":[{"href":"https:\/\/www.irooildrilling.com\/fr\/wp-json\/wp\/v2\/media?parent=18"}],"curies":[{"name":"wp","href":"https:\/\/api.w.org\/{rel}","templated":true}]}}