{"id":16,"date":"2020-05-07T09:08:00","date_gmt":"2020-05-07T01:08:00","guid":{"rendered":"https:\/\/www.irooildrilling.com\/fr\/?page_id=16"},"modified":"2024-03-21T14:08:19","modified_gmt":"2024-03-21T06:08:19","slug":"clients","status":"publish","type":"page","link":"https:\/\/www.irooildrilling.com\/fr\/clients\/","title":{"rendered":"Clients"},"content":{"rendered":"<h1>Clients<\/h1>\n<p>IRO Oil Drilling n&rsquo;est pas le principal fabricant mais, dans la plupart des cas, le seul fabricant qualifi\u00e9 d&rsquo;une gamme de fluides de forage sp\u00e9cialis\u00e9s et de produits chimiques de boue en Chine.<\/p>\n<p>En tant que l&rsquo;une des principales soci\u00e9t\u00e9s de fluides de forage au monde, Oilfield Chemical Company fabrique et fournit une large gamme de produits chimiques exclusifs pour les besoins de tous vos forages. Nos solutions sont con\u00e7ues pour r\u00e9duire les co\u00fbts et maximiser les performances.<\/p>\n<p>Nous pouvons \u00e9galement cr\u00e9er des m\u00e9langes chimiques sur mesure selon vos sp\u00e9cifications exactes. Nos produits chimiques sp\u00e9cialis\u00e9s de haute qualit\u00e9 et nos additifs de fluides de forage sont fabriqu\u00e9s conform\u00e9ment \u00e0 toutes les r\u00e9glementations environnementales, sanitaires et de s\u00e9curit\u00e9.<\/p>\n<p>Notre client\u00e8le comprend les principales entreprises de services de boue au monde, les entreprises de forage appartenant \u00e0 l&rsquo;\u00c9tat, les soci\u00e9t\u00e9s de n\u00e9goce r\u00e9gionales et les soci\u00e9t\u00e9s cot\u00e9es en bourse.<\/p>\n<p>Les produits fabriqu\u00e9s par IRO Oil Drilling sont approuv\u00e9s par de nombreuses grandes entreprises de forage appartenant \u00e0 l&rsquo;\u00c9tat et des fournisseurs de services, et ont une histoire d&rsquo;approvisionnement r\u00e9ussie de plus de 10 ans pour les produits fabriqu\u00e9s, pour lesquels nous avons re\u00e7u \u00e0 plusieurs reprises des distinctions de nos clients.<\/p>\n<p>Nos produits chimiques haute performance sont utilis\u00e9s par des entreprises mini\u00e8res et de forage en Am\u00e9rique du Sud, des n\u00e9gociants et entrepreneurs au Moyen-Orient, jusqu&rsquo;aux march\u00e9s les plus d\u00e9velopp\u00e9s des \u00c9tats-Unis et du Canada, ainsi que dans des destinations \u00e9loign\u00e9es, comme l&rsquo;Afrique et les r\u00e9gions logistiquement difficiles d&rsquo;Asie centrale et de Russie.<\/p>\n<p>IRO Oil Drilling est fier d&rsquo;\u00eatre un fabricant privil\u00e9gi\u00e9 de fluides de forage pour plus de 100 clients dans 30 pays r\u00e9partis sur 5 continents, chaque client \u00e9tant un client fid\u00e8le.<\/p>\n<p>Tous nos clients sont importants pour nous, nous travaillons avec le m\u00eame enthousiasme avec nos petits entrepreneurs qu&rsquo;avec nos clients multinationaux. Nous veillons toujours \u00e0 offrir le meilleur produit \u00e0 chaque client.<\/p>\n<p>Nous travaillons \u00e9galement en tant que fabricants sous contrat et marquons nos produits sous marque priv\u00e9e pour les principales entreprises de services au monde. En Chine, nous sommes heureux de dire que plus de 50 soci\u00e9t\u00e9s de n\u00e9goce revendent et pr\u00e9sentent nos produits \u00e0 leurs utilisateurs finaux, ce qui nous donne la force de commercialiser nos produits dans les destinations les plus \u00e9loign\u00e9es du monde.<\/p>\n<p>N&rsquo;h\u00e9sitez pas \u00e0 nous contacter pour plus d&rsquo;informations sur nos r\u00e9f\u00e9rences clients.<\/p>\n","protected":false},"excerpt":{"rendered":"<p>Clients IRO Oil Drilling n&rsquo;est pas le principal fabricant mais, dans la plupart des cas, le seul fabricant qualifi\u00e9 d&rsquo;une gamme de fluides de forage sp\u00e9cialis\u00e9s et de produits chimiques de boue en Chine. En tant que l&rsquo;une des principales soci\u00e9t\u00e9s de fluides de forage au monde, Oilfield Chemical Company fabrique et fournit une large [&hellip;]<\/p>\n","protected":false},"author":1,"featured_media":0,"parent":0,"menu_order":0,"comment_status":"closed","ping_status":"closed","template":"","meta":{"footnotes":""},"class_list":["post-16","page","type-page","status-publish","hentry"],"_links":{"self":[{"href":"https:\/\/www.irooildrilling.com\/fr\/wp-json\/wp\/v2\/pages\/16","targetHints":{"allow":["GET"]}}],"collection":[{"href":"https:\/\/www.irooildrilling.com\/fr\/wp-json\/wp\/v2\/pages"}],"about":[{"href":"https:\/\/www.irooildrilling.com\/fr\/wp-json\/wp\/v2\/types\/page"}],"author":[{"embeddable":true,"href":"https:\/\/www.irooildrilling.com\/fr\/wp-json\/wp\/v2\/users\/1"}],"replies":[{"embeddable":true,"href":"https:\/\/www.irooildrilling.com\/fr\/wp-json\/wp\/v2\/comments?post=16"}],"version-history":[{"count":0,"href":"https:\/\/www.irooildrilling.com\/fr\/wp-json\/wp\/v2\/pages\/16\/revisions"}],"wp:attachment":[{"href":"https:\/\/www.irooildrilling.com\/fr\/wp-json\/wp\/v2\/media?parent=16"}],"curies":[{"name":"wp","href":"https:\/\/api.w.org\/{rel}","templated":true}]}}