{"id":15,"date":"2020-05-07T09:07:39","date_gmt":"2020-05-07T01:07:39","guid":{"rendered":"https:\/\/www.irooildrilling.com\/fr\/?page_id=14"},"modified":"2024-03-21T11:53:04","modified_gmt":"2024-03-21T03:53:04","slug":"products","status":"publish","type":"page","link":"https:\/\/www.irooildrilling.com\/fr\/products\/","title":{"rendered":"Produits"},"content":{"rendered":"<h1>Produits<\/h1>\n<h2><a href=\"\/fr\/product-categories\/drag-reducing-agent\/\">Agents de r\u00e9duction de tra\u00een\u00e9e:<\/a><\/h2>\n<ul>\n<li><a href=\"\/fr\/products\/ep-a\/\">Agent de r\u00e9duction de tra\u00een\u00e9e EP-A<\/a><\/li>\n<li><a href=\"\/fr\/products\/ep-o\/\">Agent de r\u00e9duction de tra\u00een\u00e9e EP-O<\/a><\/li>\n<\/ul>\n<h2><a href=\"\/fr\/product-categories\/shale-control-agent\/\">Agent de contr\u00f4le des schistes:<\/a><\/h2>\n<ul>\n<li><a href=\"\/fr\/products\/pam\/\">Polyacrylamide (PAM)<\/a><\/li>\n<\/ul>\n<h2><a href=\"\/fr\/product-categories\/viscosifier\/\">Viscosifiant<\/a><\/h2>\n<ul>\n<li><a href=\"\/fr\/products\/cmc\/\">Carboxy Methyl Cellulose (CMC) &#8211; Grade pour le forage p\u00e9trolier<\/a><\/li>\n<li><a href=\"\/fr\/products\/pac\/\">Polyanionic Cellulose (PAC)<\/a><\/li>\n<li><a href=\"\/fr\/products\/xanthan-gum\/\">Gomme de Xanthane (Grade pour le forage p\u00e9trolier)<\/a><\/li>\n<\/ul>\n<h2><a href=\"\/fr\/product-categories\/dispersants\/\">Agent de contr\u00f4le des schistes<\/a><\/h2>\n<ul>\n<li><a href=\"\/fr\/products\/aa-amps\/\">Copolym\u00e8re d&rsquo;acide acrylique-2-acrylamido-2-m\u00e9thylpropane sulfonique (AA-AMPS)<\/a><\/li>\n<li><a href=\"\/fr\/products\/ir-225\/\">Copolym\u00e8re d&rsquo;acide acrylique-2-hydroxypropyl acrylate (IR-225)<\/a><\/li>\n<li><a href=\"\/fr\/products\/ir-241\/\">Copolym\u00e8re d&rsquo;acide acrylique-acrylate-phosphonique-sulfosalt t\u00e9tra (IR-241)<\/a><\/li>\n<li><a href=\"\/fr\/products\/pca\/\">Copolym\u00e8re de phosphono et d&rsquo;acide carboxylique (PCA)<\/a><\/li>\n<li><a href=\"\/fr\/products\/hpma\/\">Anhydride polymal\u00e9ique hydrolys\u00e9 (HPMA)<\/a><\/li>\n<li><a href=\"\/fr\/products\/ir-613\/\">Copolym\u00e8res acrylique-acrylate-sulfosalt (IR-613)<\/a><\/li>\n<li><a href=\"\/fr\/products\/ir-3100\/\">Tri-polym\u00e8re carboxylate-sulfonate-nonionique (IR-3100)<\/a><\/li>\n<li><a href=\"\/fr\/products\/pesa\/\">Acide poly\u00e9poxy succinique (PESA)<\/a><\/li>\n<li><a href=\"\/fr\/products\/pasp\/\">Sodium d&rsquo;acide polyaspartique (PASP)<\/a><\/li>\n<\/ul>\n<h2><a href=\"\/fr\/product-categories\/biocides\/\">Biocides<\/a><\/h2>\n<ul>\n<li><a href=\"\/fr\/products\/dbnpa\/\">2,2-Dibromo-3-Nitrilopropionamide (DBNPA)<\/a><\/li>\n<li><a href=\"\/fr\/products\/bronopol\/\">2-Bromo-2-Nitro-1,3-Propanediol (Bronopol)<\/a><\/li>\n<li><a href=\"\/fr\/products\/bkc\/\">Chlorure de benzalkonium (Dodecyl dim\u00e9thyl benzyl ammonium)<\/a><\/li>\n<li><a href=\"\/fr\/products\/glutaraldehyde\/\">Glutarald\u00e9hyde<\/a><\/li>\n<li><a href=\"\/fr\/products\/isothiazolinones\/\">Isothiazolinones<\/a><\/li>\n<li><a href=\"\/fr\/products\/mbt\/\">M\u00e9thyl\u00e8nebis(thiocyanate) (MBT)<\/a><\/li>\n<li><a href=\"\/fr\/products\/thps\/\">Sulfate de thps (t\u00e9trakis(hydroxym\u00e9thyl) phosphonium)<\/a><\/li>\n<\/ul>\n","protected":false},"excerpt":{"rendered":"<p>Produits Agents de r\u00e9duction de tra\u00een\u00e9e: Agent de r\u00e9duction de tra\u00een\u00e9e EP-A Agent de r\u00e9duction de tra\u00een\u00e9e EP-O Agent de contr\u00f4le des schistes: Polyacrylamide (PAM) Viscosifiant Carboxy Methyl Cellulose (CMC) &#8211; Grade pour le forage p\u00e9trolier Polyanionic Cellulose (PAC) Gomme de Xanthane (Grade pour le forage p\u00e9trolier) Agent de contr\u00f4le des schistes Copolym\u00e8re d&rsquo;acide acrylique-2-acrylamido-2-m\u00e9thylpropane [&hellip;]<\/p>\n","protected":false},"author":1,"featured_media":0,"parent":0,"menu_order":0,"comment_status":"closed","ping_status":"closed","template":"","meta":{"footnotes":""},"class_list":["post-15","page","type-page","status-publish","hentry"],"_links":{"self":[{"href":"https:\/\/www.irooildrilling.com\/fr\/wp-json\/wp\/v2\/pages\/15","targetHints":{"allow":["GET"]}}],"collection":[{"href":"https:\/\/www.irooildrilling.com\/fr\/wp-json\/wp\/v2\/pages"}],"about":[{"href":"https:\/\/www.irooildrilling.com\/fr\/wp-json\/wp\/v2\/types\/page"}],"author":[{"embeddable":true,"href":"https:\/\/www.irooildrilling.com\/fr\/wp-json\/wp\/v2\/users\/1"}],"replies":[{"embeddable":true,"href":"https:\/\/www.irooildrilling.com\/fr\/wp-json\/wp\/v2\/comments?post=15"}],"version-history":[{"count":0,"href":"https:\/\/www.irooildrilling.com\/fr\/wp-json\/wp\/v2\/pages\/15\/revisions"}],"wp:attachment":[{"href":"https:\/\/www.irooildrilling.com\/fr\/wp-json\/wp\/v2\/media?parent=15"}],"curies":[{"name":"wp","href":"https:\/\/api.w.org\/{rel}","templated":true}]}}