{"id":14,"date":"2020-05-07T09:07:16","date_gmt":"2020-05-07T01:07:16","guid":{"rendered":"https:\/\/www.irooildrilling.com\/fr\/?page_id=12"},"modified":"2024-03-21T10:24:48","modified_gmt":"2024-03-21T02:24:48","slug":"home","status":"publish","type":"page","link":"https:\/\/www.irooildrilling.com\/fr\/","title":{"rendered":"Accueil"},"content":{"rendered":"<h1>Fournisseur de produits chimiques pour les champs p\u00e9troliers<\/h1>\n<p>En tant qu&rsquo;entreprise sp\u00e9cialis\u00e9e dans les fluides de forage, IRO Oil Drilling Chemicals Co., Ltd est reconnue pour ses additifs de haute qualit\u00e9 et hautes performances qui offrent des performances constantes, une rentabilit\u00e9 et une acceptabilit\u00e9 environnementale conformes aux exigences du march\u00e9 actuel. Notre engagement envers la recherche et le d\u00e9veloppement garantit que nos produits refl\u00e8tent les derni\u00e8res avanc\u00e9es technologiques en mati\u00e8re de fluides de forage.<\/p>\n<p>Nos syst\u00e8mes de fluides et additifs sur mesure aident les op\u00e9rateurs \u00e0 am\u00e9liorer l&rsquo;efficacit\u00e9 du forage tout en r\u00e9duisant les co\u00fbts et en att\u00e9nuant l&rsquo;impact HSE. Les additifs de fluides de forage IRO comprennent une gamme d&rsquo;options pour r\u00e9pondre \u00e0 divers param\u00e8tres de projet. Fournis dans le monde entier, nos additifs respectent les r\u00e9glementations environnementales strictes tout en r\u00e9pondant aux exigences en termes de performances.<\/p>\n<p>IRO Oil Drilling Chemicals Company est l&rsquo;un des principaux fournisseurs de produits chimiques pour champs p\u00e9troliers en Chine. Notre gamme de produits comprend des biocides, des agents de densit\u00e9, des inhibiteurs de corrosion, des dispersants, des agents de r\u00e9duction, des inhibiteurs de schiste et des viscosifiants.<\/p>\n<p>Outre le march\u00e9 int\u00e9rieur, nos produits sont export\u00e9s vers plus de 30 pays et nous avons \u00e9tabli une coop\u00e9ration \u00e0 long terme avec des entreprises multinationales telles que Baker Hughes, M-I Swaco, OGDCL-Pakistan et Halliburton, etc.<\/p>\n<p>En tant que l&rsquo;un des meilleurs fabricants de produits chimiques pour fluides de forage au monde, IRO Oil Drilling poss\u00e8de principalement les capacit\u00e9s de production annuelle suivantes : 3 000 tonnes de biocides, 4 000 tonnes de saumures, 10 000 tonnes de viscosifiants. Le chiffre d&rsquo;affaires de cette entreprise de fluides de forage s&rsquo;est \u00e9lev\u00e9 \u00e0 environ 400 millions de RMB en 2011 (environ 63 millions de dollars am\u00e9ricains).<\/p>\n<p>Tout en jouissant de la popularit\u00e9 et de l&rsquo;honneur de nos clients du monde entier, IRO Oil Drilling Chemical Company conserve sa passion dans ce domaine. Convaincus que les b\u00e9n\u00e9fices mutuels sont la base m\u00eame des affaires, nous esp\u00e9rons pouvoir collaborer avec vous.<\/p>\n<div class=\"row clearfix\">\n<div class=\"box three \">\n<img loading=\"lazy\" decoding=\"async\" class=\"alignnone wp-image-59 size-full\" src=\"https:\/\/www.irooildrilling.com\/fr\/wp-content\/uploads\/2020\/05\/img1.jpg\" alt=\"img1\" width=\"140\" height=\"105\" \/><br \/>\n<\/div>\n<div class=\"box three \">\n<img loading=\"lazy\" decoding=\"async\" class=\"alignnone wp-image-60 size-full\" src=\"https:\/\/www.irooildrilling.com\/fr\/wp-content\/uploads\/2020\/05\/img2.jpg\" alt=\"img2\" width=\"140\" height=\"105\" \/><br \/>\n<\/div>\n<div class=\"box three \">\n<img loading=\"lazy\" decoding=\"async\" class=\"alignnone wp-image-61 size-full\" src=\"https:\/\/www.irooildrilling.com\/fr\/wp-content\/uploads\/2020\/05\/img3.jpg\" alt=\"img3\" width=\"140\" height=\"105\" \/><br \/>\n<\/div>\n<\/div>\n","protected":false},"excerpt":{"rendered":"<p>Fournisseur de produits chimiques pour les champs p\u00e9troliers En tant qu&rsquo;entreprise sp\u00e9cialis\u00e9e dans les fluides de forage, IRO Oil Drilling Chemicals Co., Ltd est reconnue pour ses additifs de haute qualit\u00e9 et hautes performances qui offrent des performances constantes, une rentabilit\u00e9 et une acceptabilit\u00e9 environnementale conformes aux exigences du march\u00e9 actuel. Notre engagement envers la [&hellip;]<\/p>\n","protected":false},"author":1,"featured_media":0,"parent":0,"menu_order":0,"comment_status":"closed","ping_status":"closed","template":"","meta":{"footnotes":""},"class_list":["post-14","page","type-page","status-publish","hentry"],"_links":{"self":[{"href":"https:\/\/www.irooildrilling.com\/fr\/wp-json\/wp\/v2\/pages\/14","targetHints":{"allow":["GET"]}}],"collection":[{"href":"https:\/\/www.irooildrilling.com\/fr\/wp-json\/wp\/v2\/pages"}],"about":[{"href":"https:\/\/www.irooildrilling.com\/fr\/wp-json\/wp\/v2\/types\/page"}],"author":[{"embeddable":true,"href":"https:\/\/www.irooildrilling.com\/fr\/wp-json\/wp\/v2\/users\/1"}],"replies":[{"embeddable":true,"href":"https:\/\/www.irooildrilling.com\/fr\/wp-json\/wp\/v2\/comments?post=14"}],"version-history":[{"count":0,"href":"https:\/\/www.irooildrilling.com\/fr\/wp-json\/wp\/v2\/pages\/14\/revisions"}],"wp:attachment":[{"href":"https:\/\/www.irooildrilling.com\/fr\/wp-json\/wp\/v2\/media?parent=14"}],"curies":[{"name":"wp","href":"https:\/\/api.w.org\/{rel}","templated":true}]}}