{"id":43,"date":"2020-05-08T01:56:30","date_gmt":"2020-05-07T17:56:30","guid":{"rendered":"https:\/\/www.irooildrilling.com\/br\/?page_id=43"},"modified":"2024-03-15T15:54:48","modified_gmt":"2024-03-15T07:54:48","slug":"faqs","status":"publish","type":"page","link":"https:\/\/www.irooildrilling.com\/br\/faqs\/","title":{"rendered":"Perguntas Frequentes"},"content":{"rendered":"<h1>Perguntas Frequentes<\/h1>\n<p>Estas s\u00e3o algumas perguntas frequentes dos nossos clientes. Se voc\u00ea tiver outras d\u00favidas sobre nossos produtos qu\u00edmicos para perfura\u00e7\u00e3o de petr\u00f3leo, n\u00e3o hesite em nos contatar. A IRO Petroleum Drilling Chemical Co., Ltd. ter\u00e1 o prazer de responder a voc\u00ea.<\/p>\n<h2>Q1: Onde est\u00e1 sediada a IRO Oil Drilling Chemical Co., Ltd?<\/h2>\n<p>A: A sede corporativa da empresa est\u00e1 localizada em Zaozhuang, Shandong, onde tamb\u00e9m fica o seu Escrit\u00f3rio Executivo Principal. A IRO Oil Drilling Chemical Co., Ltd possui um escrit\u00f3rio executivo em Qingdao, Shandong. Voc\u00ea pode encontrar nossos endere\u00e7os f\u00edsicos ou entrar em contato com nossos escrit\u00f3rios.<\/p>\n<h2>Q2: Qual \u00e9 o principal neg\u00f3cio da IRO Oil Drilling Chemical Co., Ltd?<\/h2>\n<p>A: A IRO Oil Drilling Chemical Co., Ltd (&#8220;IRO oildrilling&#8221; ou &#8220;Empresa&#8221;) produz produtos qu\u00edmicos para campos petrol\u00edferos que s\u00e3o utilizados em uma variedade de aplica\u00e7\u00f5es. Isso inclui agentes redutores de arrasto, agentes de controle de xisto, viscosificantes, dispersantes, biocidas e agentes de peso.<\/p>\n<h2>Q3: Qual \u00e9 a capacidade de P&amp;D (Pesquisa e Desenvolvimento) da sua empresa?<\/h2>\n<p>A: Possu\u00edmos equipamentos de teste com padr\u00f5es internacionais, uma equipe t\u00e9cnica profissional no nosso Departamento T\u00e9cnico, suporte de professores universit\u00e1rios e anos de experi\u00eancia em exporta\u00e7\u00e3o.<\/p>\n<h2>Q4: Voc\u00eas oferecem algum servi\u00e7o p\u00f3s-venda?<\/h2>\n<p>A: Temos um servi\u00e7o profissional de pr\u00e9-venda, venda e p\u00f3s-venda para fornecer disponibilidade 24\/7 aos nossos clientes.<\/p>\n<h2>Q5: Como \u00e9 a capacidade de Controle de Qualidade da sua empresa?<\/h2>\n<p>A: Possu\u00edmos certificados ISO, processos bem definidos de controle de qualidade e controle ambiental. Desde a compra dos materiais at\u00e9 a entrega do produto, cada etapa \u00e9 estritamente controlada pelo departamento de controle correspondente. Com todos esses sistemas, asseguramos que 100% dos nossos produtos sejam qualificados antes de serem enviados.<\/p>\n<h2>Q6: Como podemos saber mais sobre seus produtos populares?<\/h2>\n<p>A: Por favor, visualize os detalhes dos produtos no menu principal da p\u00e1gina inicial. E voc\u00ea tamb\u00e9m pode visualiz\u00e1-los nas partes esquerdas das subp\u00e1ginas. Para mais informa\u00e7\u00f5es, tamb\u00e9m podemos fornecer Fichas T\u00e9cnicas (TDS) e Fichas de Dados de Seguran\u00e7a (MSDS). E temos engenheiros t\u00e9cnicos especiais para orientar voc\u00ea nos testes e uso.<\/p>\n<h2>Q7: Voc\u00eas poderiam fornecer uma amostra para testes?<\/h2>\n<p>A: Gostar\u00edamos de fornecer a amostra gratuitamente para o teste.<\/p>\n","protected":false},"excerpt":{"rendered":"<p>Perguntas Frequentes Estas s\u00e3o algumas perguntas frequentes dos nossos clientes. Se voc\u00ea tiver outras d\u00favidas sobre nossos produtos qu\u00edmicos para perfura\u00e7\u00e3o de petr\u00f3leo, n\u00e3o hesite em nos contatar. A IRO Petroleum Drilling Chemical Co., Ltd. ter\u00e1 o prazer de responder a voc\u00ea. Q1: Onde est\u00e1 sediada a IRO Oil Drilling Chemical Co., Ltd? A: A [&hellip;]<\/p>\n","protected":false},"author":1,"featured_media":0,"parent":0,"menu_order":0,"comment_status":"closed","ping_status":"closed","template":"","meta":{"footnotes":""},"class_list":["post-43","page","type-page","status-publish","hentry"],"_links":{"self":[{"href":"https:\/\/www.irooildrilling.com\/br\/wp-json\/wp\/v2\/pages\/43","targetHints":{"allow":["GET"]}}],"collection":[{"href":"https:\/\/www.irooildrilling.com\/br\/wp-json\/wp\/v2\/pages"}],"about":[{"href":"https:\/\/www.irooildrilling.com\/br\/wp-json\/wp\/v2\/types\/page"}],"author":[{"embeddable":true,"href":"https:\/\/www.irooildrilling.com\/br\/wp-json\/wp\/v2\/users\/1"}],"replies":[{"embeddable":true,"href":"https:\/\/www.irooildrilling.com\/br\/wp-json\/wp\/v2\/comments?post=43"}],"version-history":[{"count":0,"href":"https:\/\/www.irooildrilling.com\/br\/wp-json\/wp\/v2\/pages\/43\/revisions"}],"wp:attachment":[{"href":"https:\/\/www.irooildrilling.com\/br\/wp-json\/wp\/v2\/media?parent=43"}],"curies":[{"name":"wp","href":"https:\/\/api.w.org\/{rel}","templated":true}]}}