{"id":22,"date":"2020-05-07T09:09:08","date_gmt":"2020-05-07T01:09:08","guid":{"rendered":"https:\/\/www.irooildrilling.com\/br\/?page_id=22"},"modified":"2024-03-15T15:14:05","modified_gmt":"2024-03-15T07:14:05","slug":"manufacturing","status":"publish","type":"page","link":"https:\/\/www.irooildrilling.com\/br\/manufacturing\/","title":{"rendered":"Fabrica\u00e7\u00e3o"},"content":{"rendered":"<h1 class=\"welcome\">Fabrica\u00e7\u00e3o<\/h1>\n<p>As instala\u00e7\u00f5es de fabrica\u00e7\u00e3o da IRO Oil Drilling est\u00e3o espalhadas pela China, com instala\u00e7\u00f5es de fabrica\u00e7\u00e3o e armazenamento adequadas para uma ampla variedade de necessidades dos clientes.<\/p>\n<p>Fabrica\u00e7\u00e3o: A IRO Oil Drilling possui instala\u00e7\u00f5es modernas para a mistura tanto de materiais em p\u00f3 como de pol\u00edmeros l\u00edquidos.<\/p>\n<ol>\n<li>Materiais em p\u00f3: misturadores de fita, tanto verticais como horizontais, trituradores, moinhos de bolas, pulverizadores e secadores est\u00e3o dispon\u00edveis com m\u00e1quinas de ensacamento. A instala\u00e7\u00e3o \u00e9 capaz de polimerizar e misturar todos os tipos de materiais em p\u00f3, pulveriz\u00e1-los at\u00e9 a granulometria desejada e embal\u00e1-los em sacos especificados pelo cliente.<\/li>\n<\/ol>\n<p>A IRO Oil Drilling possui 6 instala\u00e7\u00f5es de fabrica\u00e7\u00e3o para produtos qu\u00edmicos em p\u00f3 para fluidos de perfura\u00e7\u00e3o, onde cada um dos pol\u00edmeros sint\u00e9ticos de alto desempenho at\u00e9 os minerais naturais \u00e9 processado, testado e embalado. Cada unidade mant\u00e9m um alto padr\u00e3o de qualidade e seguran\u00e7a em todos os momentos.<\/p>\n<p>As embalagens padr\u00e3o incluem sacos grandes de 1,0 ou 1,5 toneladas, sacos de HDPE de 50 kg \/ 25 kg \/ 50 lbs e sacos de papel de v\u00e1rias camadas.<\/p>\n<ol start=\"2\">\n<li>Materiais l\u00edquidos: A IRO Oil Drilling instalou reatores e misturadores de alta capacidade equipados com os sistemas de resfriamento e aquecimento necess\u00e1rios, capazes de lidar com rea\u00e7\u00f5es exot\u00e9rmicas e endot\u00e9rmicas, esterifica\u00e7\u00e3o, etoxila\u00e7\u00e3o, polimeriza\u00e7\u00e3o, sulfona\u00e7\u00e3o, destila\u00e7\u00e3o. Equipados com sistemas precisos de dosagem e medi\u00e7\u00e3o.<\/li>\n<\/ol>\n<p>Embalagens personalizadas em tambores de 25 ltr \/ 50 ltr \/ 200 ltr (55 gal\u00f5es) podem ser feitas com marca pr\u00f3pria conforme necess\u00e1rio.<\/p>\n<p>Armazenamento: Temos licen\u00e7as e aprova\u00e7\u00f5es adequadas para o armazenamento tanto de mat\u00e9rias-primas quanto de produtos acabados. A proximidade do porto e a localiza\u00e7\u00e3o estrat\u00e9gica na China garantem as taxas de frete mais competitivas.<\/p>\n","protected":false},"excerpt":{"rendered":"<p>Fabrica\u00e7\u00e3o As instala\u00e7\u00f5es de fabrica\u00e7\u00e3o da IRO Oil Drilling est\u00e3o espalhadas pela China, com instala\u00e7\u00f5es de fabrica\u00e7\u00e3o e armazenamento adequadas para uma ampla variedade de necessidades dos clientes. Fabrica\u00e7\u00e3o: A IRO Oil Drilling possui instala\u00e7\u00f5es modernas para a mistura tanto de materiais em p\u00f3 como de pol\u00edmeros l\u00edquidos. Materiais em p\u00f3: misturadores de fita, tanto [&hellip;]<\/p>\n","protected":false},"author":1,"featured_media":0,"parent":0,"menu_order":0,"comment_status":"closed","ping_status":"closed","template":"","meta":{"footnotes":""},"class_list":["post-22","page","type-page","status-publish","hentry"],"_links":{"self":[{"href":"https:\/\/www.irooildrilling.com\/br\/wp-json\/wp\/v2\/pages\/22","targetHints":{"allow":["GET"]}}],"collection":[{"href":"https:\/\/www.irooildrilling.com\/br\/wp-json\/wp\/v2\/pages"}],"about":[{"href":"https:\/\/www.irooildrilling.com\/br\/wp-json\/wp\/v2\/types\/page"}],"author":[{"embeddable":true,"href":"https:\/\/www.irooildrilling.com\/br\/wp-json\/wp\/v2\/users\/1"}],"replies":[{"embeddable":true,"href":"https:\/\/www.irooildrilling.com\/br\/wp-json\/wp\/v2\/comments?post=22"}],"version-history":[{"count":0,"href":"https:\/\/www.irooildrilling.com\/br\/wp-json\/wp\/v2\/pages\/22\/revisions"}],"wp:attachment":[{"href":"https:\/\/www.irooildrilling.com\/br\/wp-json\/wp\/v2\/media?parent=22"}],"curies":[{"name":"wp","href":"https:\/\/api.w.org\/{rel}","templated":true}]}}