{"id":20,"date":"2020-05-07T09:08:47","date_gmt":"2020-05-07T01:08:47","guid":{"rendered":"https:\/\/www.irooildrilling.com\/br\/?page_id=20"},"modified":"2024-03-15T15:36:31","modified_gmt":"2024-03-15T07:36:31","slug":"infrastructure","status":"publish","type":"page","link":"https:\/\/www.irooildrilling.com\/br\/infrastructure\/","title":{"rendered":"Infraestrutura"},"content":{"rendered":"<h1>Infraestrutura<\/h1>\n<p>Com diferentes localiza\u00e7\u00f5es de fabrica\u00e7\u00e3o e instala\u00e7\u00f5es adicionais de estoque e distribui\u00e7\u00e3o, a IRO Oil Drilling \u00e9, de longe, a principal empresa de fabrica\u00e7\u00e3o de fluidos de perfura\u00e7\u00e3o na China.<\/p>\n<p>Com base em instala\u00e7\u00f5es modernas, desde a entrada de mat\u00e9rias-primas at\u00e9 a entrega das mercadorias, cada opera\u00e7\u00e3o \u00e9 realizada em nossas pr\u00f3prias instala\u00e7\u00f5es, tornando-nos mais eficientes e econ\u00f4micos em nossas opera\u00e7\u00f5es e garantindo os prazos de entrega mais curtos para nossos clientes.<\/p>\n<p>As instala\u00e7\u00f5es de fabrica\u00e7\u00e3o da empresa incluem misturadores de velocidade vari\u00e1vel de alta capacidade, reatores de a\u00e7o inoxid\u00e1vel, uma variedade de secadores, misturadores especiais, pulverizadores, moedores, autoclaves e condensadores. Isso, junto com nossos tanques de armazenamento de mat\u00e9rias-primas adequados e outros equipamentos auxiliares de manuseio de materiais, garante prazos de entrega mais curtos e qualidade consistente.<\/p>\n<p>No que diz respeito \u00e0 embalagem, m\u00e1quinas de ensacamento totalmente automatizadas e dispensadores de l\u00edquidos, guindastes e empilhadeiras e docas de carregamento de cont\u00eaineres nos ajudam a oferecer aos clientes uma variedade de solu\u00e7\u00f5es de embalagem personalizadas. Garantimos que todos os produtos dos clientes sejam embalados conforme a necessidade e que a embalagem adequada seja fornecida n\u00e3o apenas para entrega no armaz\u00e9m do cliente, mas tamb\u00e9m para resistir \u00e0s exigentes condi\u00e7\u00f5es do local e longos tempos de armazenamento.<\/p>\n<p>Entregamos em qualquer lugar: funcion\u00e1rios log\u00edsticos altamente treinados garantem que as mercadorias sejam enviadas no prazo e da maneira mais r\u00e1pida poss\u00edvel. A IRO Oil Drilling Chemical Co., Ltd. se orgulha de executar com sucesso pedidos que variam de algumas toneladas m\u00e9tricas a milhares de toneladas m\u00e9tricas, no prazo e sem danos ou atrasos. Nossos produtos s\u00e3o entregues sem demora nos cantos mais remotos do mundo.<\/p>\n","protected":false},"excerpt":{"rendered":"<p>Infraestrutura Com diferentes localiza\u00e7\u00f5es de fabrica\u00e7\u00e3o e instala\u00e7\u00f5es adicionais de estoque e distribui\u00e7\u00e3o, a IRO Oil Drilling \u00e9, de longe, a principal empresa de fabrica\u00e7\u00e3o de fluidos de perfura\u00e7\u00e3o na China. Com base em instala\u00e7\u00f5es modernas, desde a entrada de mat\u00e9rias-primas at\u00e9 a entrega das mercadorias, cada opera\u00e7\u00e3o \u00e9 realizada em nossas pr\u00f3prias instala\u00e7\u00f5es, tornando-nos [&hellip;]<\/p>\n","protected":false},"author":1,"featured_media":0,"parent":0,"menu_order":0,"comment_status":"closed","ping_status":"closed","template":"","meta":{"footnotes":""},"class_list":["post-20","page","type-page","status-publish","hentry"],"_links":{"self":[{"href":"https:\/\/www.irooildrilling.com\/br\/wp-json\/wp\/v2\/pages\/20","targetHints":{"allow":["GET"]}}],"collection":[{"href":"https:\/\/www.irooildrilling.com\/br\/wp-json\/wp\/v2\/pages"}],"about":[{"href":"https:\/\/www.irooildrilling.com\/br\/wp-json\/wp\/v2\/types\/page"}],"author":[{"embeddable":true,"href":"https:\/\/www.irooildrilling.com\/br\/wp-json\/wp\/v2\/users\/1"}],"replies":[{"embeddable":true,"href":"https:\/\/www.irooildrilling.com\/br\/wp-json\/wp\/v2\/comments?post=20"}],"version-history":[{"count":0,"href":"https:\/\/www.irooildrilling.com\/br\/wp-json\/wp\/v2\/pages\/20\/revisions"}],"wp:attachment":[{"href":"https:\/\/www.irooildrilling.com\/br\/wp-json\/wp\/v2\/media?parent=20"}],"curies":[{"name":"wp","href":"https:\/\/api.w.org\/{rel}","templated":true}]}}