{"id":18,"date":"2020-05-07T09:08:20","date_gmt":"2020-05-07T01:08:20","guid":{"rendered":"https:\/\/www.irooildrilling.com\/br\/?page_id=18"},"modified":"2024-03-15T16:18:06","modified_gmt":"2024-03-15T08:18:06","slug":"quality","status":"publish","type":"page","link":"https:\/\/www.irooildrilling.com\/br\/quality\/","title":{"rendered":"Qualidade"},"content":{"rendered":"<h1>Qualidade<\/h1>\n<p><img loading=\"lazy\" decoding=\"async\" class=\"alignleft wp-image-74 size-full\" src=\"https:\/\/www.irooildrilling.com\/br\/wp-content\/uploads\/2020\/05\/engineer.jpg\" alt=\"engineer\" width=\"300\" height=\"222\" \/><\/p>\n<p>Equipados com os mais recentes e precisos equipamentos de teste, garantimos testes rigorosos, r\u00e1pidos e confi\u00e1veis dos nossos produtos e tamb\u00e9m dos produtos fornecidos pelos clientes. Os laborat\u00f3rios tamb\u00e9m s\u00e3o equipados com instala\u00e7\u00f5es de teste para cada um dos produtos fabricados por n\u00f3s.<\/p>\n<p>Desde o design e desenvolvimento do produto at\u00e9 os testes de desempenho, desde a inspe\u00e7\u00e3o de entrada at\u00e9 o processo de fabrica\u00e7\u00e3o e a inspe\u00e7\u00e3o final, seguimos os planos de qualidade mais detalhados.<\/p>\n<p>Qualidade \u00e9 exceder as expectativas do cliente e qual maneira melhor de avaliar isso do que pelos pr\u00f3prios clientes? Ao contr\u00e1rio da maioria das empresas, n\u00f3s incentivamos nossos clientes a nos visitarem e testarem seus produtos na nossa presen\u00e7a, ou at\u00e9 mesmo os treinamos para testar nossos produtos.<\/p>\n","protected":false},"excerpt":{"rendered":"<p>Qualidade Equipados com os mais recentes e precisos equipamentos de teste, garantimos testes rigorosos, r\u00e1pidos e confi\u00e1veis dos nossos produtos e tamb\u00e9m dos produtos fornecidos pelos clientes. Os laborat\u00f3rios tamb\u00e9m s\u00e3o equipados com instala\u00e7\u00f5es de teste para cada um dos produtos fabricados por n\u00f3s. Desde o design e desenvolvimento do produto at\u00e9 os testes de [&hellip;]<\/p>\n","protected":false},"author":1,"featured_media":0,"parent":0,"menu_order":0,"comment_status":"closed","ping_status":"closed","template":"","meta":{"footnotes":""},"class_list":["post-18","page","type-page","status-publish","hentry"],"_links":{"self":[{"href":"https:\/\/www.irooildrilling.com\/br\/wp-json\/wp\/v2\/pages\/18","targetHints":{"allow":["GET"]}}],"collection":[{"href":"https:\/\/www.irooildrilling.com\/br\/wp-json\/wp\/v2\/pages"}],"about":[{"href":"https:\/\/www.irooildrilling.com\/br\/wp-json\/wp\/v2\/types\/page"}],"author":[{"embeddable":true,"href":"https:\/\/www.irooildrilling.com\/br\/wp-json\/wp\/v2\/users\/1"}],"replies":[{"embeddable":true,"href":"https:\/\/www.irooildrilling.com\/br\/wp-json\/wp\/v2\/comments?post=18"}],"version-history":[{"count":0,"href":"https:\/\/www.irooildrilling.com\/br\/wp-json\/wp\/v2\/pages\/18\/revisions"}],"wp:attachment":[{"href":"https:\/\/www.irooildrilling.com\/br\/wp-json\/wp\/v2\/media?parent=18"}],"curies":[{"name":"wp","href":"https:\/\/api.w.org\/{rel}","templated":true}]}}