{"id":16,"date":"2020-05-07T09:08:00","date_gmt":"2020-05-07T01:08:00","guid":{"rendered":"https:\/\/www.irooildrilling.com\/br\/?page_id=16"},"modified":"2024-03-15T14:59:11","modified_gmt":"2024-03-15T06:59:11","slug":"clients","status":"publish","type":"page","link":"https:\/\/www.irooildrilling.com\/br\/clients\/","title":{"rendered":"Clientes"},"content":{"rendered":"<h1>Clientes<\/h1>\n<p>A IRO Oil Drilling n\u00e3o \u00e9 apenas o principal fabricante, mas na maioria dos casos, o \u00fanico fabricante qualificado de uma variedade de fluidos especializados para perfura\u00e7\u00e3o e produtos qu\u00edmicos para lama na China.<\/p>\n<p>Como uma das principais empresas de fluidos de perfura\u00e7\u00e3o do mundo, a Oilfield Chemical Company fabrica e fornece uma ampla gama de produtos qu\u00edmicos para perfura\u00e7\u00e3o de petr\u00f3leo exclusivos para atender a todas as suas necessidades de perfura\u00e7\u00e3o. Nossas solu\u00e7\u00f5es s\u00e3o projetadas para ajudar a reduzir custos e maximizar efici\u00eancias.<\/p>\n<p>Tamb\u00e9m podemos personalizar a mistura de produtos qu\u00edmicos de acordo com suas especifica\u00e7\u00f5es exatas. Nossos produtos qu\u00edmicos especializados de alta qualidade e aditivos para fluidos de perfura\u00e7\u00e3o s\u00e3o produzidos em conformidade com todas as regulamenta\u00e7\u00f5es ambientais, de sa\u00fade e seguran\u00e7a.<\/p>\n<p>Nossa base de clientes inclui as principais empresas de servi\u00e7os de lama do mundo, empresas estatais de perfura\u00e7\u00e3o, empresas regionais de com\u00e9rcio e a\u00e7\u00f5es.<\/p>\n<p>Os produtos fabricados pela IRO Oil Drilling s\u00e3o aprovados por muitas das principais empresas estatais de perfura\u00e7\u00e3o e prestadores de servi\u00e7os, e possuem um hist\u00f3rico de fornecimento bem-sucedido de mais de 10 anos para os produtos fabricados, pelos quais fomos repetidamente premiados por nossos clientes.<\/p>\n<p>Nossos produtos qu\u00edmicos de alto desempenho s\u00e3o utilizados tanto por empresas de minera\u00e7\u00e3o e perfura\u00e7\u00e3o na Am\u00e9rica do Sul, como por traders e empreiteiros no Oriente M\u00e9dio, mercados mais desenvolvidos dos EUA e Canad\u00e1, assim como destinos distantes na \u00c1frica e regi\u00f5es com desafios log\u00edsticos na \u00c1sia Central e R\u00fassia.<\/p>\n<p>A IRO Oil Drilling se orgulha de ser um fabricante preferido de fluidos de perfura\u00e7\u00e3o para mais de 100 clientes em 30 pa\u00edses nos 5 continentes, com cada cliente sendo um cliente recorrente.<\/p>\n<p>Todos os clientes s\u00e3o importantes para n\u00f3s, trabalhamos com o mesmo entusiasmo com nossos pequenos empreiteiros que temos com nossos clientes multinacionais. Sempre garantimos o melhor produto para cada cliente.<\/p>\n<p>Tamb\u00e9m atuamos como fabricantes contratados e produzimos com marca privada para as principais empresas de servi\u00e7os do mundo. Na China, afirmamos com orgulho que mais de 50 empresas de com\u00e9rcio revendem e exibem nossos produtos para seus usu\u00e1rios finais, o que nos d\u00e1 for\u00e7a para comercializar nossos produtos nos destinos mais remotos do mundo.<\/p>\n<p>Se voc\u00ea deseja obter mais detalhes, basta entrar em contato conosco.<\/p>\n","protected":false},"excerpt":{"rendered":"<p>Clientes A IRO Oil Drilling n\u00e3o \u00e9 apenas o principal fabricante, mas na maioria dos casos, o \u00fanico fabricante qualificado de uma variedade de fluidos especializados para perfura\u00e7\u00e3o e produtos qu\u00edmicos para lama na China. Como uma das principais empresas de fluidos de perfura\u00e7\u00e3o do mundo, a Oilfield Chemical Company fabrica e fornece uma ampla [&hellip;]<\/p>\n","protected":false},"author":1,"featured_media":0,"parent":0,"menu_order":0,"comment_status":"closed","ping_status":"closed","template":"","meta":{"footnotes":""},"class_list":["post-16","page","type-page","status-publish","hentry"],"_links":{"self":[{"href":"https:\/\/www.irooildrilling.com\/br\/wp-json\/wp\/v2\/pages\/16","targetHints":{"allow":["GET"]}}],"collection":[{"href":"https:\/\/www.irooildrilling.com\/br\/wp-json\/wp\/v2\/pages"}],"about":[{"href":"https:\/\/www.irooildrilling.com\/br\/wp-json\/wp\/v2\/types\/page"}],"author":[{"embeddable":true,"href":"https:\/\/www.irooildrilling.com\/br\/wp-json\/wp\/v2\/users\/1"}],"replies":[{"embeddable":true,"href":"https:\/\/www.irooildrilling.com\/br\/wp-json\/wp\/v2\/comments?post=16"}],"version-history":[{"count":0,"href":"https:\/\/www.irooildrilling.com\/br\/wp-json\/wp\/v2\/pages\/16\/revisions"}],"wp:attachment":[{"href":"https:\/\/www.irooildrilling.com\/br\/wp-json\/wp\/v2\/media?parent=16"}],"curies":[{"name":"wp","href":"https:\/\/api.w.org\/{rel}","templated":true}]}}