{"id":15,"date":"2020-05-07T09:07:39","date_gmt":"2020-05-07T01:07:39","guid":{"rendered":"https:\/\/www.irooildrilling.com\/br\/?page_id=14"},"modified":"2024-03-15T16:15:33","modified_gmt":"2024-03-15T08:15:33","slug":"products","status":"publish","type":"page","link":"https:\/\/www.irooildrilling.com\/br\/products\/","title":{"rendered":"Produtos"},"content":{"rendered":"<h1>Produtos<\/h1>\n<h2><a href=\"\/br\/product-categories\/drag-reducing-agent\/\">Agente Redutor de Arrasto<\/a><\/h2>\n<ul>\n<li><a href=\"\/br\/products\/ep-a\/\">Agente Redutor de Arrasto EP-A<\/a><\/li>\n<li><a href=\"\/br\/products\/ep-o\/\">Agente Redutor de Arrasto EP-O<\/a><\/li>\n<\/ul>\n<h2><a href=\"\/br\/product-categories\/shale-control-agent\/\">Agente de Controle de Folhelho<\/a><\/h2>\n<ul>\n<li><a href=\"\/br\/products\/pam\/\">Poliacrilamida (PAM)<\/a><\/li>\n<\/ul>\n<h2><a href=\"\/br\/product-categories\/viscosifier\/\">Viscosificante<\/a><\/h2>\n<ul>\n<li><a href=\"\/br\/products\/cmc\/\">Carboxi Metil Celulose (CMC) &#8211; Grau para Perfura\u00e7\u00e3o de Petr\u00f3leo<\/a><\/li>\n<li><a href=\"\/br\/products\/pac\/\">Celulose Poliani\u00f4nica (PAC)<\/a><\/li>\n<li><a href=\"\/br\/products\/xanthan-gum\/\">Goma Xantana (grau para perfura\u00e7\u00e3o de petr\u00f3leo)<\/a><\/li>\n<\/ul>\n<h2><a href=\"\/br\/product-categories\/dispersants\/\">Dispersantes<\/a><\/h2>\n<ul>\n<li><a href=\"\/br\/products\/aa-amps\/\">Copol\u00edmero de \u00c1cido Acr\u00edlico-2-Acrilamido-2-Metilpropano Sulf\u00f4nico (AA-AMPS)<\/a><\/li>\n<li><a href=\"\/br\/products\/ir-225\/\">Copol\u00edmero de \u00c1cido Acr\u00edlico-2-Hidroxipropil Acrilato (IR-225)<\/a><\/li>\n<li><a href=\"\/br\/products\/ir-241\/\">Tetra-Copol\u00edmero de \u00c1cido Acr\u00edlico-Acrilato de Propilfosf\u00f4nico-Sulfosalt (IR-241)<\/a><\/li>\n<li><a href=\"\/br\/products\/pca\/\">Copol\u00edmero de Fosfono e \u00c1cido Carbox\u00edlico (PCA)<\/a><\/li>\n<li><a href=\"\/br\/products\/hpma\/\">Anidrido Polimal\u00e9ico Hidrolisado (HPMA)<\/a><\/li>\n<li><a href=\"\/br\/products\/ir-613\/\">Copol\u00edmeros Acr\u00edlico-Acrilato-Sulfosaltos (IR-613)<\/a><\/li>\n<li><a href=\"\/br\/products\/ir-3100\/\">Tri-Pol\u00edmero Carboxilato-Sulfonato-Nonion (IR-3100)<\/a><\/li>\n<li><a href=\"\/br\/products\/pesa\/\">\u00c1cido Poliepoxissucc\u00ednico (PESA)<\/a><\/li>\n<li><a href=\"\/br\/products\/pasp\/\">S\u00f3dio de \u00c1cido Poliasp\u00e1rtico (PASP)<\/a><\/li>\n<\/ul>\n<h2><a href=\"\/br\/product-categories\/biocides\/\">Biocidas<\/a><\/h2>\n<ul>\n<li><a href=\"\/br\/products\/dbnpa\/\">2,2-Dibromo-3-Nitrilopropionamida (DBNPA)<\/a><\/li>\n<li><a href=\"\/br\/products\/bronopol\/\">2-Bromo-2-Nitro-1 3-Propanodiol (Bronopol)<\/a><\/li>\n<li><a href=\"\/br\/products\/bkc\/\">Cloreto de Dodecil Dimetil Benzil Am\u00f4nio (Cloreto de Benzalc\u00f4nio)<\/a><\/li>\n<li><a href=\"\/br\/products\/glutaraldehyde\/\">Glutaralde\u00eddo<\/a><\/li>\n<li><a href=\"\/br\/products\/isothiazolinones\/\">Isothiazolinonas<\/a><\/li>\n<li><a href=\"\/br\/products\/mbt\/\">Metileno BisTiocianato (MBT)<\/a><\/li>\n<li><a href=\"\/br\/products\/thps\/\">Sulfato de Tetraquis (Hidroximetil) Fosf\u00f4nio (THPS)<\/a><\/li>\n<\/ul>\n","protected":false},"excerpt":{"rendered":"<p>Produtos Agente Redutor de Arrasto Agente Redutor de Arrasto EP-A Agente Redutor de Arrasto EP-O Agente de Controle de Folhelho Poliacrilamida (PAM) Viscosificante Carboxi Metil Celulose (CMC) &#8211; Grau para Perfura\u00e7\u00e3o de Petr\u00f3leo Celulose Poliani\u00f4nica (PAC) Goma Xantana (grau para perfura\u00e7\u00e3o de petr\u00f3leo) Dispersantes Copol\u00edmero de \u00c1cido Acr\u00edlico-2-Acrilamido-2-Metilpropano Sulf\u00f4nico (AA-AMPS) Copol\u00edmero de \u00c1cido Acr\u00edlico-2-Hidroxipropil Acrilato [&hellip;]<\/p>\n","protected":false},"author":1,"featured_media":0,"parent":0,"menu_order":0,"comment_status":"closed","ping_status":"closed","template":"","meta":{"footnotes":""},"class_list":["post-15","page","type-page","status-publish","hentry"],"_links":{"self":[{"href":"https:\/\/www.irooildrilling.com\/br\/wp-json\/wp\/v2\/pages\/15","targetHints":{"allow":["GET"]}}],"collection":[{"href":"https:\/\/www.irooildrilling.com\/br\/wp-json\/wp\/v2\/pages"}],"about":[{"href":"https:\/\/www.irooildrilling.com\/br\/wp-json\/wp\/v2\/types\/page"}],"author":[{"embeddable":true,"href":"https:\/\/www.irooildrilling.com\/br\/wp-json\/wp\/v2\/users\/1"}],"replies":[{"embeddable":true,"href":"https:\/\/www.irooildrilling.com\/br\/wp-json\/wp\/v2\/comments?post=15"}],"version-history":[{"count":0,"href":"https:\/\/www.irooildrilling.com\/br\/wp-json\/wp\/v2\/pages\/15\/revisions"}],"wp:attachment":[{"href":"https:\/\/www.irooildrilling.com\/br\/wp-json\/wp\/v2\/media?parent=15"}],"curies":[{"name":"wp","href":"https:\/\/api.w.org\/{rel}","templated":true}]}}