{"id":14,"date":"2020-05-07T09:07:16","date_gmt":"2020-05-07T01:07:16","guid":{"rendered":"https:\/\/www.irooildrilling.com\/br\/?page_id=12"},"modified":"2024-03-15T15:46:39","modified_gmt":"2024-03-15T07:46:39","slug":"home","status":"publish","type":"page","link":"https:\/\/www.irooildrilling.com\/br\/","title":{"rendered":"Inicial"},"content":{"rendered":"<h1>Fornecedor de produtos qu\u00edmicos para campos petrol\u00edferos<\/h1>\n<p>A IRO Oil Drilling Chemicals Company \u00e9 um dos principais fornecedores de produtos qu\u00edmicos para campos petrol\u00edferos na China. A nossa gama de produtos abrange biocidas, agentes de pesagem, inibidores de corros\u00e3o, dispersantes, agentes redutores, inibidores de xisto e viscosificantes.<\/p>\n<p>Al\u00e9m do mercado dom\u00e9stico, os nossos produtos est\u00e3o a ser exportados para mais de 30 pa\u00edses e estabelecemos parcerias de longo prazo com empresas multinacionais como a Baker Hughes, M-I Swaco, OGDCL-Paquist\u00e3o e Halliburton, entre outras.<\/p>\n<p>Como um dos melhores fabricantes de produtos qu\u00edmicos para fluido de perfura\u00e7\u00e3o do mundo, a IRO Oil Drilling tem principalmente a capacidade de produ\u00e7\u00e3o anual de 3.000 toneladas m\u00e9tricas de biocidas, 4.000 toneladas m\u00e9tricas de sais e 10.000 toneladas m\u00e9tricas de viscosificantes. O volume de neg\u00f3cios desta empresa de fluidos de perfura\u00e7\u00e3o foi de aproximadamente 400 milh\u00f5es de RMB em 2011 (aproximadamente 63 milh\u00f5es de USD).<\/p>\n<div class=\"chat-text\" data-v-630c2b2b=\"\">\n<div data-v-630c2b2b=\"\">\n<div class=\"aa-html\" data-v-6894bf9c=\"\">\n<div class=\"aa-html-content selectable\" data-v-6894bf9c=\"\">\n<div data-v-6894bf9c=\"\">\n<p>Enquanto desfrutamos da popularidade e honra dos nossos clientes em todo o mundo, a IRO Oil Drilling Chemical Company mant\u00e9m a nossa paix\u00e3o neste campo. Com a cren\u00e7a de que os benef\u00edcios m\u00fatuos s\u00e3o a base do neg\u00f3cio, esperamos cooperar consigo.<\/p>\n<\/div>\n<\/div>\n<\/div>\n<\/div>\n<\/div>\n<div class=\"row clearfix\">\n<div class=\"box three \">\n<img loading=\"lazy\" decoding=\"async\" class=\"alignnone wp-image-59 size-full\" src=\"https:\/\/www.irooildrilling.com\/br\/wp-content\/uploads\/2020\/05\/img1.jpg\" alt=\"img1\" width=\"140\" height=\"105\" \/><br \/>\n<\/div>\n<div class=\"box three \">\n<img loading=\"lazy\" decoding=\"async\" class=\"alignnone wp-image-60 size-full\" src=\"https:\/\/www.irooildrilling.com\/br\/wp-content\/uploads\/2020\/05\/img2.jpg\" alt=\"img2\" width=\"140\" height=\"105\" \/><br \/>\n<\/div>\n<div class=\"box three \">\n<img loading=\"lazy\" decoding=\"async\" class=\"alignnone wp-image-61 size-full\" src=\"https:\/\/www.irooildrilling.com\/br\/wp-content\/uploads\/2020\/05\/img3.jpg\" alt=\"img3\" width=\"140\" height=\"105\" \/><br \/>\n<\/div>\n<\/div>\n","protected":false},"excerpt":{"rendered":"<p>Fornecedor de produtos qu\u00edmicos para campos petrol\u00edferos A IRO Oil Drilling Chemicals Company \u00e9 um dos principais fornecedores de produtos qu\u00edmicos para campos petrol\u00edferos na China. A nossa gama de produtos abrange biocidas, agentes de pesagem, inibidores de corros\u00e3o, dispersantes, agentes redutores, inibidores de xisto e viscosificantes. Al\u00e9m do mercado dom\u00e9stico, os nossos produtos est\u00e3o [&hellip;]<\/p>\n","protected":false},"author":1,"featured_media":0,"parent":0,"menu_order":0,"comment_status":"closed","ping_status":"closed","template":"","meta":{"footnotes":""},"class_list":["post-14","page","type-page","status-publish","hentry"],"_links":{"self":[{"href":"https:\/\/www.irooildrilling.com\/br\/wp-json\/wp\/v2\/pages\/14","targetHints":{"allow":["GET"]}}],"collection":[{"href":"https:\/\/www.irooildrilling.com\/br\/wp-json\/wp\/v2\/pages"}],"about":[{"href":"https:\/\/www.irooildrilling.com\/br\/wp-json\/wp\/v2\/types\/page"}],"author":[{"embeddable":true,"href":"https:\/\/www.irooildrilling.com\/br\/wp-json\/wp\/v2\/users\/1"}],"replies":[{"embeddable":true,"href":"https:\/\/www.irooildrilling.com\/br\/wp-json\/wp\/v2\/comments?post=14"}],"version-history":[{"count":0,"href":"https:\/\/www.irooildrilling.com\/br\/wp-json\/wp\/v2\/pages\/14\/revisions"}],"wp:attachment":[{"href":"https:\/\/www.irooildrilling.com\/br\/wp-json\/wp\/v2\/media?parent=14"}],"curies":[{"name":"wp","href":"https:\/\/api.w.org\/{rel}","templated":true}]}}